{"id":165,"date":"2023-12-13T16:39:32","date_gmt":"2023-12-13T16:39:32","guid":{"rendered":"https:\/\/www.teruarurla.com\/?page_id=165"},"modified":"2025-06-23T07:31:05","modified_gmt":"2025-06-23T07:31:05","slug":"urla","status":"publish","type":"page","link":"https:\/\/www.teruarurla.com\/tr\/urla\/","title":{"rendered":"Urla"},"content":{"rendered":"<!-- Added by Post\/Page specific custom CSS plugin, thank you for using! -->\n<style>@media only screen and (min-width: 768px) and (max-width: 1024px) {\r\n  .elementor-165 .elementor-element.elementor-element-6ecc11a {\r\n    margin-top: -310px;\r\n  }\r\n.elementor:not(.elementor-bc-flex-widget) .elementor-widget-wrap{\r\n  display: block;\r\n}\r\n.elementor-element.elementor-element-5d95047.elementor-widget.elementor-widget-text-editor {\r\n    display: flex;\r\n    justify-content: flex-end;\r\n}\r\nimg.attachment-full.size-full.wp-image-1181 {\r\n    width: 35px !important;\r\n   display: block  !important;\r\n}\r\n.elementor-element.elementor-element-5d95047.elementor-widget.elementor-widget-text-editor {\r\n    display: none;\r\n}\r\n}<\/style>\n\t\t<div data-elementor-type=\"wp-page\" data-elementor-id=\"165\" class=\"elementor elementor-165\">\n\t\t\t\t\t\t<section class=\"elementor-section elementor-top-section elementor-element elementor-element-6ecc11a elementor-section-boxed elementor-section-height-default elementor-section-height-default\" data-id=\"6ecc11a\" data-element_type=\"section\" data-settings=\"{&quot;background_background&quot;:&quot;classic&quot;}\">\n\t\t\t\t\t\t<div class=\"elementor-container elementor-column-gap-extended\">\n\t\t\t\t\t<div class=\"elementor-column elementor-col-100 elementor-top-column elementor-element elementor-element-1b3d87c\" data-id=\"1b3d87c\" data-element_type=\"column\">\n\t\t\t<div class=\"elementor-widget-wrap elementor-element-populated\">\n\t\t\t\t\t\t<div class=\"elementor-element elementor-element-ff71ef1 elementor-widget elementor-widget-spacer\" data-id=\"ff71ef1\" data-element_type=\"widget\" data-widget_type=\"spacer.default\">\n\t\t\t\t<div class=\"elementor-widget-container\">\n\t\t\t\t\t<div class=\"elementor-spacer\">\n\t\t\t<div class=\"elementor-spacer-inner\"><\/div>\n\t\t<\/div>\n\t\t\t\t<\/div>\n\t\t\t\t<\/div>\n\t\t\t\t<div class=\"elementor-element elementor-element-98c25ef elementor-widget elementor-widget-heading\" data-id=\"98c25ef\" data-element_type=\"widget\" data-widget_type=\"heading.default\">\n\t\t\t\t<div class=\"elementor-widget-container\">\n\t\t\t<h2 class=\"elementor-heading-title elementor-size-default\">Urla<\/h2>\t\t<\/div>\n\t\t\t\t<\/div>\n\t\t\t\t<div class=\"elementor-element elementor-element-2150ca8 elementor-widget elementor-widget-spacer\" data-id=\"2150ca8\" data-element_type=\"widget\" data-widget_type=\"spacer.default\">\n\t\t\t\t<div class=\"elementor-widget-container\">\n\t\t\t\t\t<div class=\"elementor-spacer\">\n\t\t\t<div class=\"elementor-spacer-inner\"><\/div>\n\t\t<\/div>\n\t\t\t\t<\/div>\n\t\t\t\t<\/div>\n\t\t\t\t\t<\/div>\n\t\t<\/div>\n\t\t\t\t\t<\/div>\n\t\t<\/section>\n\t\t<div class=\"elementor-element elementor-element-af64947 e-flex e-con-boxed e-con e-parent\" data-id=\"af64947\" data-element_type=\"container\">\n\t\t\t\t\t<div class=\"e-con-inner\">\n\t\t<div class=\"elementor-element elementor-element-5fc7f0f e-con-full e-flex e-con e-child\" data-id=\"5fc7f0f\" data-element_type=\"container\">\n\t\t\t\t<div class=\"elementor-element elementor-element-b47f47c elementor-widget elementor-widget-text-editor\" data-id=\"b47f47c\" data-element_type=\"widget\" data-widget_type=\"text-editor.default\">\n\t\t\t\t<div class=\"elementor-widget-container\">\n\t\t\t\t\t\t\t<p>R\u00fczgar\u0131, g\u00fcne\u015fi ve nemi ile harika mahs\u00fcller veren Urla, laboratuvar\u0131n ve restoran\u0131n ilham\u0131; odalardaki tek odak noktas\u0131.<\/p>\t\t\t\t\t\t<\/div>\n\t\t\t\t<\/div>\n\t\t\t\t<div class=\"elementor-element elementor-element-3e68d1b elementor-widget elementor-widget-text-editor\" data-id=\"3e68d1b\" data-element_type=\"widget\" data-widget_type=\"text-editor.default\">\n\t\t\t\t<div class=\"elementor-widget-container\">\n\t\t\t\t\t\t\t<p>Y\u0131llard\u0131r i\u015flenen bu topraklarda yeti\u015fen, zeytinden bamyaya, enginardan \u00fcz\u00fcme her bir \u00fcr\u00fcn ile buras\u0131 iyi \u015farap ve iyi yemek i\u00e7in do\u011fal bir var\u0131\u015f noktas\u0131.<\/p>\t\t\t\t\t\t<\/div>\n\t\t\t\t<\/div>\n\t\t\t\t<div class=\"elementor-element elementor-element-3ee727a elementor-widget elementor-widget-text-editor\" data-id=\"3ee727a\" data-element_type=\"widget\" data-widget_type=\"text-editor.default\">\n\t\t\t\t<div class=\"elementor-widget-container\">\n\t\t\t\t\t\t\t<p>k\u00f6klerinden u\u00e7lar\u0131na sayg\u0131 duydu\u011fumuz do\u011fa.<\/p>\t\t\t\t\t\t<\/div>\n\t\t\t\t<\/div>\n\t\t\t\t<\/div>\n\t\t<div class=\"elementor-element elementor-element-2da9eea e-con-full e-flex e-con e-child\" data-id=\"2da9eea\" data-element_type=\"container\">\n\t\t\t\t<div class=\"elementor-element elementor-element-daed931 elementor-widget elementor-widget-html\" data-id=\"daed931\" data-element_type=\"widget\" data-widget_type=\"html.default\">\n\t\t\t\t<div class=\"elementor-widget-container\">\n\t\t\t<a href=\"https:\/\/www.instagram.com\/teruarurla\/reel\/Cr0lsyzIDS8\/\" target=\"_blank\" class=\"video-container\" rel=\"noopener\">\r\n  <video autoplay muted loop playsinline>\r\n    <source src=\"\/wp-content\/uploads\/2024\/02\/Teruar-Enginar-Final-420.mp4\">\r\n  <\/video>\r\n<\/a>\t\t<\/div>\n\t\t\t\t<\/div>\n\t\t\t\t<\/div>\n\t\t\t\t\t<\/div>\n\t\t\t\t<\/div>\n\t\t<div class=\"elementor-element elementor-element-a11525c e-flex e-con-boxed e-con e-parent\" data-id=\"a11525c\" data-element_type=\"container\">\n\t\t\t\t\t<div class=\"e-con-inner\">\n\t\t<div class=\"elementor-element elementor-element-d262883 e-con-full e-flex e-con e-child\" data-id=\"d262883\" data-element_type=\"container\">\n\t\t\t\t<div class=\"elementor-element elementor-element-6637d14 elementor-widget elementor-widget-html\" data-id=\"6637d14\" data-element_type=\"widget\" data-widget_type=\"html.default\">\n\t\t\t\t<div class=\"elementor-widget-container\">\n\t\t\t<a href=\"https:\/\/www.instagram.com\/teruarurla\/reel\/CldylCkDbkH\/\" target=\"_blank\" class=\"video-container\" rel=\"noopener\">\r\n  <video autoplay muted loop playsinline>\r\n    <source src=\"\/wp-content\/uploads\/2024\/02\/Sonbahar-3-420.mp4\">\r\n  <\/video>\r\n<\/a>\t\t<\/div>\n\t\t\t\t<\/div>\n\t\t\t\t<\/div>\n\t\t<div class=\"elementor-element elementor-element-f1bc335 e-con-full e-flex e-con e-child\" data-id=\"f1bc335\" data-element_type=\"container\">\n\t\t\t\t<div class=\"elementor-element elementor-element-7114047 elementor-widget elementor-widget-text-editor\" data-id=\"7114047\" data-element_type=\"widget\" data-widget_type=\"text-editor.default\">\n\t\t\t\t<div class=\"elementor-widget-container\">\n\t\t\t\t\t\t\t<p class=\"BodyA\"><span lang=\"DE\">Urla<\/span><span dir=\"RTL\" lang=\"HE\" style=\"font-family: 'Arial Unicode MS',sans-serif;\">\u2019<\/span><span lang=\"DE\">n\u0131n ormanla\u015fan mevkiisine yerle\u015fen Teruar, ye\u015filin tam ortas\u0131nda. Kalabal\u0131ktan uzak vadilere ve koylara yak\u0131n, Urla Ba\u011f Yolu<\/span><span dir=\"RTL\" lang=\"HE\" style=\"font-family: 'Arial Unicode MS',sans-serif;\">\u2019<\/span><span lang=\"DE\">nun ise tam \u00fczerinde. <\/span><\/p><p>Teruar Urla, korudu\u011fumuz ve bizi koruyan, sayg\u0131yla ba\u011fl\u0131 oldu\u011fumuz bu do\u011fan\u0131n tam i\u00e7inde<\/p><p><span style=\"text-decoration: underline;\"><span style=\"color: #000000;\"><a style=\"color: #000000; text-decoration: underline;\" href=\"https:\/\/maps.app.goo.gl\/Gn3Px2bMSv5aFzB37\" target=\"_blank\" rel=\"noopener\">Haritada G\u00f6r<\/a><\/span><\/span><\/p><p class=\"BodyA\"><a href=\"\/wp-content\/uploads\/2024\/11\/TRUAR-SYS-02.Surdurulebilirlik-Politikasi.docx\"><span style=\"color: #000000; text-decoration: underline;\">Politikam\u0131z<\/span><\/a><\/p><p><a style=\"color: #000000; text-decoration: underline;\" href=\"https:\/\/www.teruarurla.com\/wp-content\/uploads\/2024\/11\/TRUAR-SYS-33.Dogal-Kulturel-Miras-Gezilecek-Yerler-ve-Festivaller-Listesi.pdf\">Gezilecek Yerler<\/a><\/p><p><a style=\"color: #000000; text-decoration: underline;\" href=\"https:\/\/www.teruarurla.com\/wp-content\/uploads\/2024\/11\/TRUAR-SYS-34.Dogal_-Kulturel-Miras-Ile-Hassas-Alanlari-Ziyaret-Ederken-Dikkat-Edilecekler.pdf\">Do\u011fal ve K\u00fclt\u00fcrel Miraslar<\/a><\/p>\t\t\t\t\t\t<\/div>\n\t\t\t\t<\/div>\n\t\t\t\t<\/div>\n\t\t\t\t\t<\/div>\n\t\t\t\t<\/div>\n\t\t\t\t<section class=\"elementor-section elementor-top-section elementor-element elementor-element-13c6caa6 elementor-section-boxed elementor-section-height-default elementor-section-height-default\" data-id=\"13c6caa6\" data-element_type=\"section\">\n\t\t\t\t\t\t<div class=\"elementor-container elementor-column-gap-default\">\n\t\t\t\t\t<div class=\"elementor-column elementor-col-100 elementor-top-column elementor-element elementor-element-4840c422\" data-id=\"4840c422\" data-element_type=\"column\">\n\t\t\t<div class=\"elementor-widget-wrap elementor-element-populated\">\n\t\t\t\t\t\t<div class=\"elementor-element elementor-element-b8da8de elementor-align-center elementor-widget elementor-widget-elementskit-button\" data-id=\"b8da8de\" data-element_type=\"widget\" data-widget_type=\"elementskit-button.default\">\n\t\t\t\t<div class=\"elementor-widget-container\">\n\t\t\t<div class=\"ekit-wid-con\" >\t\t<div class=\"ekit-btn-wraper\">\n\t\t\t\t\t\t\t<a href=\"\/onsoz\" class=\"elementskit-btn  whitespace--normal\" id=\"\">\n\t\t\t\t\t\u00f6ns\u00f6z<i class=\"icon icon-right-arrow2\"><\/i>\t\t\t\t<\/a>\n\t\t\t\t\t<\/div>\n        <\/div>\t\t<\/div>\n\t\t\t\t<\/div>\n\t\t\t\t<div class=\"elementor-element elementor-element-ee96eda elementor-align-center elementor-widget elementor-widget-elementskit-button\" data-id=\"ee96eda\" data-element_type=\"widget\" data-widget_type=\"elementskit-button.default\">\n\t\t\t\t<div class=\"elementor-widget-container\">\n\t\t\t<div class=\"ekit-wid-con\" >\t\t<div class=\"ekit-btn-wraper\">\n\t\t\t\t\t\t\t<a href=\"\/restoran\" class=\"elementskit-btn  whitespace--normal\" id=\"\">\n\t\t\t\t\t<i class=\"icon icon-left-arrow2\"><\/i>restoran\t\t\t\t<\/a>\n\t\t\t\t\t<\/div>\n        <\/div>\t\t<\/div>\n\t\t\t\t<\/div>\n\t\t\t\t\t<\/div>\n\t\t<\/div>\n\t\t\t\t\t<\/div>\n\t\t<\/section>\n\t\t\t\t<\/div>\n\t\t","protected":false},"excerpt":{"rendered":"<p>Urla R\u00fczgar\u0131, g\u00fcne\u015fi ve nemi ile harika mahs\u00fcller veren Urla, laboratuvar\u0131n ve restoran\u0131n ilham\u0131; odalardaki tek odak noktas\u0131. Y\u0131llard\u0131r i\u015flenen bu topraklarda yeti\u015fen, zeytinden bamyaya, enginardan \u00fcz\u00fcme her bir \u00fcr\u00fcn ile buras\u0131 iyi \u015farap ve iyi yemek i\u00e7in do\u011fal bir var\u0131\u015f noktas\u0131. k\u00f6klerinden u\u00e7lar\u0131na sayg\u0131 duydu\u011fumuz do\u011fa. Urla\u2019n\u0131n ormanla\u015fan mevkiisine yerle\u015fen Teruar, ye\u015filin tam ortas\u0131nda. [&hellip;]<\/p>\n","protected":false},"author":1,"featured_media":0,"parent":0,"menu_order":0,"comment_status":"closed","ping_status":"closed","template":"","meta":{"inline_featured_image":false,"footnotes":""},"class_list":["post-165","page","type-page","status-publish","hentry"],"_links":{"self":[{"href":"https:\/\/www.teruarurla.com\/tr\/wp-json\/wp\/v2\/pages\/165"}],"collection":[{"href":"https:\/\/www.teruarurla.com\/tr\/wp-json\/wp\/v2\/pages"}],"about":[{"href":"https:\/\/www.teruarurla.com\/tr\/wp-json\/wp\/v2\/types\/page"}],"author":[{"embeddable":true,"href":"https:\/\/www.teruarurla.com\/tr\/wp-json\/wp\/v2\/users\/1"}],"replies":[{"embeddable":true,"href":"https:\/\/www.teruarurla.com\/tr\/wp-json\/wp\/v2\/comments?post=165"}],"version-history":[{"count":24,"href":"https:\/\/www.teruarurla.com\/tr\/wp-json\/wp\/v2\/pages\/165\/revisions"}],"predecessor-version":[{"id":5399,"href":"https:\/\/www.teruarurla.com\/tr\/wp-json\/wp\/v2\/pages\/165\/revisions\/5399"}],"wp:attachment":[{"href":"https:\/\/www.teruarurla.com\/tr\/wp-json\/wp\/v2\/media?parent=165"}],"curies":[{"name":"wp","href":"https:\/\/api.w.org\/{rel}","templated":true}]}}