{"id":170,"date":"2023-12-13T16:46:32","date_gmt":"2023-12-13T16:46:32","guid":{"rendered":"https:\/\/www.teruarurla.com\/?page_id=170"},"modified":"2025-06-23T07:29:47","modified_gmt":"2025-06-23T07:29:47","slug":"laboratuvar","status":"publish","type":"page","link":"https:\/\/www.teruarurla.com\/tr\/laboratuvar\/","title":{"rendered":"Laboratuvar"},"content":{"rendered":"<!-- Added by Post\/Page specific custom CSS plugin, thank you for using! -->\n<style>@media only screen and (min-width: 768px) and (max-width: 1024px) {\r\n  .elementor-165 .elementor-element.elementor-element-6ecc11a {\r\n    margin-top: -310px;\r\n  }\r\n.elementor:not(.elementor-bc-flex-widget) .elementor-widget-wrap{\r\n  display: block;\r\n}\r\n.elementor-element.elementor-element-5d95047.elementor-widget.elementor-widget-text-editor {\r\n    display: flex;\r\n    justify-content: flex-end;\r\n}\r\nimg.attachment-full.size-full.wp-image-1181 {\r\n    width: 35px !important;\r\n   display: block  !important;\r\n}\r\n.elementor-element.elementor-element-5d95047.elementor-widget.elementor-widget-text-editor {\r\n    display: none;\r\n}\r\n}<\/style>\n\t\t<div data-elementor-type=\"wp-page\" data-elementor-id=\"170\" class=\"elementor elementor-170\">\n\t\t\t\t\t\t<section class=\"elementor-section elementor-top-section elementor-element elementor-element-cfc474c elementor-section-boxed elementor-section-height-default elementor-section-height-default\" data-id=\"cfc474c\" data-element_type=\"section\" data-settings=\"{&quot;background_background&quot;:&quot;classic&quot;}\">\n\t\t\t\t\t\t<div class=\"elementor-container elementor-column-gap-extended\">\n\t\t\t\t\t<div class=\"elementor-column elementor-col-100 elementor-top-column elementor-element elementor-element-4b954d1\" data-id=\"4b954d1\" data-element_type=\"column\">\n\t\t\t<div class=\"elementor-widget-wrap elementor-element-populated\">\n\t\t\t\t\t\t<div class=\"elementor-element elementor-element-da83861 elementor-widget elementor-widget-spacer\" data-id=\"da83861\" data-element_type=\"widget\" data-widget_type=\"spacer.default\">\n\t\t\t\t<div class=\"elementor-widget-container\">\n\t\t\t\t\t<div class=\"elementor-spacer\">\n\t\t\t<div class=\"elementor-spacer-inner\"><\/div>\n\t\t<\/div>\n\t\t\t\t<\/div>\n\t\t\t\t<\/div>\n\t\t\t\t<div class=\"elementor-element elementor-element-445859b elementor-widget elementor-widget-heading\" data-id=\"445859b\" data-element_type=\"widget\" data-widget_type=\"heading.default\">\n\t\t\t\t<div class=\"elementor-widget-container\">\n\t\t\t<h2 class=\"elementor-heading-title elementor-size-default\">Laboratuvar<\/h2>\t\t<\/div>\n\t\t\t\t<\/div>\n\t\t\t\t<div class=\"elementor-element elementor-element-b7e30e8 elementor-widget elementor-widget-spacer\" data-id=\"b7e30e8\" data-element_type=\"widget\" data-widget_type=\"spacer.default\">\n\t\t\t\t<div class=\"elementor-widget-container\">\n\t\t\t\t\t<div class=\"elementor-spacer\">\n\t\t\t<div class=\"elementor-spacer-inner\"><\/div>\n\t\t<\/div>\n\t\t\t\t<\/div>\n\t\t\t\t<\/div>\n\t\t\t\t\t<\/div>\n\t\t<\/div>\n\t\t\t\t\t<\/div>\n\t\t<\/section>\n\t\t<div class=\"elementor-element elementor-element-67db62a e-flex e-con-boxed e-con e-parent\" data-id=\"67db62a\" data-element_type=\"container\">\n\t\t\t\t\t<div class=\"e-con-inner\">\n\t\t\t\t<div class=\"elementor-element elementor-element-31d6f30 elementor-widget elementor-widget-text-editor\" data-id=\"31d6f30\" data-element_type=\"widget\" data-widget_type=\"text-editor.default\">\n\t\t\t\t<div class=\"elementor-widget-container\">\n\t\t\t\t\t\t\tteruar\u2019\u0131n ke\u015fif alan\u0131\t\t\t\t\t\t<\/div>\n\t\t\t\t<\/div>\n\t\t\t\t<div class=\"elementor-element elementor-element-053c94a elementor-widget elementor-widget-text-editor\" data-id=\"053c94a\" data-element_type=\"widget\" data-widget_type=\"text-editor.default\">\n\t\t\t\t<div class=\"elementor-widget-container\">\n\t\t\t\t\t\t\t<p>Teruar\u2019da laboratuvar, fikirlerin \u015fekillendi\u011fi, malzemelerin incelendi\u011fi ve tekniklerin rafine edildi\u011fi d\u00fc\u015f\u00fcnme yeri. Ara\u015ft\u0131rma, deney ve ke\u015fif i\u00e7in kendimize tan\u0131d\u0131\u011f\u0131m\u0131z bir yarat\u0131c\u0131l\u0131k alan\u0131. Burada mahsullerimizin tat profillerini ke\u015ffediyor, soslar\u0131m\u0131z\u0131 geli\u015ftiriyor ve servis etti\u011fimiz her yeme\u011fin temellerini m\u00fckemmelle\u015ftirmek i\u00e7in \u00e7al\u0131\u015f\u0131yoruz.<\/p>\t\t\t\t\t\t<\/div>\n\t\t\t\t<\/div>\n\t\t\t\t\t<\/div>\n\t\t\t\t<\/div>\n\t\t<div class=\"elementor-element elementor-element-230c603 e-flex e-con-boxed e-con e-parent\" data-id=\"230c603\" data-element_type=\"container\">\n\t\t\t\t\t<div class=\"e-con-inner\">\n\t\t<div class=\"elementor-element elementor-element-7d541fa e-con-full e-flex e-con e-child\" data-id=\"7d541fa\" data-element_type=\"container\">\n\t\t\t\t<div class=\"elementor-element elementor-element-fd8cfd4 elementor-widget elementor-widget-image\" data-id=\"fd8cfd4\" data-element_type=\"widget\" data-widget_type=\"image.default\">\n\t\t\t\t<div class=\"elementor-widget-container\">\n\t\t\t\t\t\t\t\t\t\t\t\t\t<img decoding=\"async\" src=\"https:\/\/www.teruarurla.com\/wp-content\/uploads\/elementor\/thumbs\/teruar_lab_page_1-r2gn71okcplz3b8qn1qeb05ewi08jsmfafgvzjsd3s.jpg\" title=\"teruar_lab_page_1\" alt=\"teruar_lab_page_1\" loading=\"lazy\" \/>\t\t\t\t\t\t\t\t\t\t\t\t\t<\/div>\n\t\t\t\t<\/div>\n\t\t\t\t<\/div>\n\t\t<div class=\"elementor-element elementor-element-4832619 e-con-full e-flex e-con e-child\" data-id=\"4832619\" data-element_type=\"container\">\n\t\t\t\t<div class=\"elementor-element elementor-element-a2b8622 elementor-widget elementor-widget-image\" data-id=\"a2b8622\" data-element_type=\"widget\" data-widget_type=\"image.default\">\n\t\t\t\t<div class=\"elementor-widget-container\">\n\t\t\t\t\t\t\t\t\t\t\t\t\t<img decoding=\"async\" src=\"https:\/\/www.teruarurla.com\/wp-content\/uploads\/elementor\/thumbs\/teruar_lab_page_2-r2gn6sa6gd93v7me5xo4m2isynaketl3x4y16s6au0.jpg\" title=\"teruar_lab_page_2\" alt=\"teruar_lab_page_2\" loading=\"lazy\" \/>\t\t\t\t\t\t\t\t\t\t\t\t\t<\/div>\n\t\t\t\t<\/div>\n\t\t\t\t<\/div>\n\t\t\t\t\t<\/div>\n\t\t\t\t<\/div>\n\t\t<div class=\"elementor-element elementor-element-ea45ce1 e-flex e-con-boxed e-con e-parent\" data-id=\"ea45ce1\" data-element_type=\"container\">\n\t\t\t\t\t<div class=\"e-con-inner\">\n\t\t\t\t<div class=\"elementor-element elementor-element-cf405e7 elementor-widget elementor-widget-text-editor\" data-id=\"cf405e7\" data-element_type=\"widget\" data-widget_type=\"text-editor.default\">\n\t\t\t\t<div class=\"elementor-widget-container\">\n\t\t\t\t\t\t\tBurada her \u015fey s\u0131f\u0131rdan yap\u0131l\u0131yor. Laboratuvar, f\u0131r\u0131n \u00fcr\u00fcnlerinden makarnalara, soslardan fermante \u00fcr\u00fcnlere, her yarat\u0131c\u0131 \u00fcr\u00fcn\u00fcm\u00fcz\u00fcn yap\u0131m merkezi. Merak ve \u00f6\u011frenmeye olan ba\u011fl\u0131l\u0131\u011f\u0131m\u0131zla, her bile\u015fenin tam potansiyelini ke\u015ffetmek i\u00e7in hevesle \u00e7al\u0131\u015ft\u0131\u011f\u0131m\u0131z bir yer. \t\t\t\t\t\t<\/div>\n\t\t\t\t<\/div>\n\t\t\t\t<div class=\"elementor-element elementor-element-500274d elementor-widget elementor-widget-text-editor\" data-id=\"500274d\" data-element_type=\"widget\" data-widget_type=\"text-editor.default\">\n\t\t\t\t<div class=\"elementor-widget-container\">\n\t\t\t\t\t\t\tBu yakla\u015f\u0131m sadece bir teknikten daha fazlas\u0131. Bizim i\u00e7in tat, koku ve renkleri zirvedeyken korumak, do\u011fan\u0131n d\u00f6ng\u00fclerine sayg\u0131 g\u00f6stermenin en temel yolu.\t\t\t\t\t\t<\/div>\n\t\t\t\t<\/div>\n\t\t\t\t<div class=\"elementor-element elementor-element-0a1ade6 elementor-widget elementor-widget-text-editor\" data-id=\"0a1ade6\" data-element_type=\"widget\" data-widget_type=\"text-editor.default\">\n\t\t\t\t<div class=\"elementor-widget-container\">\n\t\t\t\t\t\t\t<span style=\"color: #000;\"><a style=\"color: #000;\" href=\"\/surdurulebilirlik\"><u>teruar\u2019da s\u00fcrd\u00fcr\u00fclebilirlik &gt;<\/u><\/a><\/span>\t\t\t\t\t\t<\/div>\n\t\t\t\t<\/div>\n\t\t\t\t\t<\/div>\n\t\t\t\t<\/div>\n\t\t<div class=\"elementor-element elementor-element-566e432 e-flex e-con-boxed e-con e-parent\" data-id=\"566e432\" data-element_type=\"container\">\n\t\t\t\t\t<div class=\"e-con-inner\">\n\t\t<div class=\"elementor-element elementor-element-1fa9624 e-con-full e-flex e-con e-child\" data-id=\"1fa9624\" data-element_type=\"container\">\n\t\t\t\t<div class=\"elementor-element elementor-element-c1b3046 elementor-widget elementor-widget-text-editor\" data-id=\"c1b3046\" data-element_type=\"widget\" data-widget_type=\"text-editor.default\">\n\t\t\t\t<div class=\"elementor-widget-container\">\n\t\t\t\t\t\t\tgeli\u015fim ve inovasyon\t\t\t\t\t\t<\/div>\n\t\t\t\t<\/div>\n\t\t\t\t<div class=\"elementor-element elementor-element-1598c98 elementor-widget elementor-widget-text-editor\" data-id=\"1598c98\" data-element_type=\"widget\" data-widget_type=\"text-editor.default\">\n\t\t\t\t<div class=\"elementor-widget-container\">\n\t\t\t\t\t\t\t<p>G\u0131da \u00fcretiminde daha s\u00fcrd\u00fcr\u00fclebilir bir yakla\u015f\u0131m\u0131 benimserken, as\u0131rl\u0131k g\u0131da muhafaza etme rit\u00fcellerini canl\u0131 tutuyoruz. Mahsulleri muhafaza s\u00fcrecimizde maksimum hassasiyetle \u00e7al\u0131\u015fmak ad\u0131na Teruar i\u00e7in \u00f6zel tasarlanm\u0131\u015f \u00e7oklu pi\u015firme sistemini kullan\u0131yoruz. Vakum alt\u0131nda ve eksi bas\u0131n\u00e7ta bir seferde 50 kg\u2019a kadar i\u015fleme yetene\u011fiyle kaynama noktas\u0131n\u0131 100\u00b0C\u2019den 60-65\u00b0C\u2019ye d\u00fc\u015f\u00fcrerek malzemelerin do\u011fal b\u00fct\u00fcnl\u00fc\u011f\u00fcn\u00fc korumas\u0131n\u0131 sa\u011fl\u0131yoruz. Y\u00fcksek h\u0131zl\u0131 b\u0131\u00e7ak sistemi son \u00fcr\u00fcn dokusunu iyile\u015ftirirken, kontroll\u00fc vakum ortam\u0131 temel besinleri, renkleri ve aromalar\u0131 koruyor.<\/p><p>Mahsullerin g\u00fcc\u00fcn\u00fc do\u011fal mevsimlerinin \u00f6tesine ta\u015f\u0131yarak tatlar\u0131n\u0131n, renklerinin ve aromalar\u0131n\u0131n canl\u0131 kalmas\u0131n\u0131 sa\u011fl\u0131yor. Gelecekteki men\u00fclere d\u00fc\u015f\u00fcnceli bir \u015fekilde dahil edilmelerini m\u00fcmk\u00fcn k\u0131l\u0131yoruz.<\/p>\t\t\t\t\t\t<\/div>\n\t\t\t\t<\/div>\n\t\t\t\t<\/div>\n\t\t<div class=\"elementor-element elementor-element-0f87c99 e-con-full e-flex e-con e-child\" data-id=\"0f87c99\" data-element_type=\"container\">\n\t\t\t\t<div class=\"elementor-element elementor-element-7cd3998 elementor-widget elementor-widget-html\" data-id=\"7cd3998\" data-element_type=\"widget\" data-widget_type=\"html.default\">\n\t\t\t\t<div class=\"elementor-widget-container\">\n\t\t\t<a href=\"https:\/\/www.instagram.com\/reel\/CqNJn8XglSW\/?igsh=MTUzMWIxbHRhM2VtYQ== \" target=\"_blank\" class=\"video-container\" rel=\"noopener\">\r\n  <video autoplay muted loop playsinline>\r\n    <source src=\"\/wp-content\/uploads\/2024\/02\/Limon-Toplama-alt-420.mp4\">\r\n  <\/video>\r\n<\/a>\r\n\t\t<\/div>\n\t\t\t\t<\/div>\n\t\t\t\t<\/div>\n\t\t\t\t\t<\/div>\n\t\t\t\t<\/div>\n\t\t<div class=\"elementor-element elementor-element-8a8d50c e-flex e-con-boxed e-con e-parent\" data-id=\"8a8d50c\" data-element_type=\"container\">\n\t\t\t\t\t<div class=\"e-con-inner\">\n\t\t<div class=\"elementor-element elementor-element-82d01d8 e-con-full e-flex e-con e-child\" data-id=\"82d01d8\" data-element_type=\"container\">\n\t\t\t\t<div class=\"elementor-element elementor-element-aa0d35f elementor-widget elementor-widget-text-editor\" data-id=\"aa0d35f\" data-element_type=\"widget\" data-widget_type=\"text-editor.default\">\n\t\t\t\t<div class=\"elementor-widget-container\">\n\t\t\t\t\t\t\tgeleneksel bilgiyi s\u00fcrd\u00fcrmek\t\t\t\t\t\t<\/div>\n\t\t\t\t<\/div>\n\t\t\t\t<div class=\"elementor-element elementor-element-6ffd423 elementor-widget elementor-widget-text-editor\" data-id=\"6ffd423\" data-element_type=\"widget\" data-widget_type=\"text-editor.default\">\n\t\t\t\t<div class=\"elementor-widget-container\">\n\t\t\t\t\t\t\t<p>Y\u00fczy\u0131llard\u0131r aktar\u0131lan bilgelik ve koruma gelene\u011fi, k\u00fclt\u00fcrleri a\u015fan bir yolculuk. K\u00f6kleri kadim bilgiye dayanan fermentasyon ve tur\u015fulama, malzemelerin \u00f6z\u00fcn\u00fc koruyan, gizli tatlar\u0131n\u0131 ortaya \u00e7\u0131karan ve onlar\u0131 zamanlar\u0131n\u0131n \u00f6tesine ta\u015f\u0131yan k\u00f6kl\u00fc bir y\u00f6ntem. Bu s\u00fcre\u00e7ler, yeni tat katmanlar\u0131n\u0131n kilidini a\u00e7arak, mevsimsel olan\u0131 kal\u0131c\u0131 yarat\u0131mlara d\u00f6n\u00fc\u015ft\u00fcrmek i\u00e7in mutfaktaki en g\u00fc\u00e7l\u00fc ara\u00e7lar\u0131m\u0131zdan biri.<\/p><p>Teruar\u2019da bu rit\u00fcelleri benimsiyor, miras\u0131 modern tekniklerle harmanl\u0131yoruz. Mutfa\u011f\u0131m\u0131zda ger\u00e7ekle\u015fen her fermentasyon, ge\u00e7mi\u015f ile bug\u00fcn aras\u0131ndaki ba\u011f\u0131 yans\u0131t\u0131rken, ayn\u0131 zamanda bu geleneklerin gelecek nesiller i\u00e7in mevsimden mevsime canl\u0131 ve s\u00fcrd\u00fcr\u00fclebilir kalmas\u0131n\u0131 sa\u011fl\u0131yor.<\/p>\t\t\t\t\t\t<\/div>\n\t\t\t\t<\/div>\n\t\t\t\t<\/div>\n\t\t<div class=\"elementor-element elementor-element-3a70bf2 e-con-full e-flex e-con e-child\" data-id=\"3a70bf2\" data-element_type=\"container\">\n\t\t\t\t<div class=\"elementor-element elementor-element-eb2f85f elementor-widget elementor-widget-html\" data-id=\"eb2f85f\" data-element_type=\"widget\" data-widget_type=\"html.default\">\n\t\t\t\t<div class=\"elementor-widget-container\">\n\t\t\t<a href=\"https:\/\/www.instagram.com\/reel\/DDy-O3xgwSN\/?igsh=MXBzY2R6b3NpdWo0dA== \" target=\"_blank\" class=\"video-container\" rel=\"noopener\">\r\n  <video autoplay muted loop playsinline>\r\n    <source src=\"\/wp-content\/uploads\/2025\/03\/Teruar-Fermantasyon_1-1.mp4\">\r\n  <\/video>\r\n<\/a>\r\n\t\t<\/div>\n\t\t\t\t<\/div>\n\t\t\t\t<\/div>\n\t\t\t\t\t<\/div>\n\t\t\t\t<\/div>\n\t\t<div class=\"elementor-element elementor-element-c1db82e e-flex e-con-boxed e-con e-parent\" data-id=\"c1db82e\" data-element_type=\"container\">\n\t\t\t\t\t<div class=\"e-con-inner\">\n\t\t\t\t<div class=\"elementor-element elementor-element-f7e1db0 elementor-widget elementor-widget-text-editor\" data-id=\"f7e1db0\" data-element_type=\"widget\" data-widget_type=\"text-editor.default\">\n\t\t\t\t<div class=\"elementor-widget-container\">\n\t\t\t\t\t\t\t<p>Buras\u0131, Teruar\u2019\u0131n men\u00fcs\u00fcndeki her bir \u00f6\u011fenin son \u015feklini ald\u0131\u011f\u0131 yer. Yarat\u0131c\u0131 fikirler, y\u00fczy\u0131ll\u0131k mutfak gelenekleri ve inovasyon, \u00fcst kattaki mutfa\u011fa ula\u015fmadan \u00f6nce burada harmanlan\u0131yor. Laboratuvar, t\u00fcm \u00fcr\u00fcn ve mahs\u00fcllerin toplama ve \u00fcretimden sonraki ilk, mutfakta farkl\u0131 bir yolculu\u011fa \u00e7\u0131kmadan \u00f6nceki son dura\u011f\u0131.<\/p>\t\t\t\t\t\t<\/div>\n\t\t\t\t<\/div>\n\t\t\t\t\t<\/div>\n\t\t\t\t<\/div>\n\t\t<div class=\"elementor-element elementor-element-876b71c e-flex e-con-boxed e-con e-parent\" data-id=\"876b71c\" data-element_type=\"container\">\n\t\t\t\t\t<div class=\"e-con-inner\">\n\t\t<div class=\"elementor-element elementor-element-0315b72 e-flex e-con-boxed e-con e-child\" data-id=\"0315b72\" data-element_type=\"container\">\n\t\t\t\t\t<div class=\"e-con-inner\">\n\t\t\t\t<div class=\"elementor-element elementor-element-e543e33 elementor-widget elementor-widget-image\" data-id=\"e543e33\" data-element_type=\"widget\" data-widget_type=\"image.default\">\n\t\t\t\t<div class=\"elementor-widget-container\">\n\t\t\t\t\t\t\t\t\t\t\t\t\t<img decoding=\"async\" src=\"https:\/\/www.teruarurla.com\/wp-content\/uploads\/elementor\/thumbs\/teruar_lab_page_3-r2gn7cyp2fma6n3tn0c9d2zo3svwfoan3kh21oa33c.jpg\" title=\"teruar_lab_page_3\" alt=\"teruar_lab_page_3\" loading=\"lazy\" \/>\t\t\t\t\t\t\t\t\t\t\t\t\t<\/div>\n\t\t\t\t<\/div>\n\t\t\t\t\t<\/div>\n\t\t\t\t<\/div>\n\t\t<div class=\"elementor-element elementor-element-8f0fc82 e-flex e-con-boxed e-con e-child\" data-id=\"8f0fc82\" data-element_type=\"container\">\n\t\t\t\t\t<div class=\"e-con-inner\">\n\t\t\t\t<div class=\"elementor-element elementor-element-d2217e4 elementor-widget elementor-widget-image\" data-id=\"d2217e4\" data-element_type=\"widget\" data-widget_type=\"image.default\">\n\t\t\t\t<div class=\"elementor-widget-container\">\n\t\t\t\t\t\t\t\t\t\t\t\t\t<img decoding=\"async\" src=\"https:\/\/www.teruarurla.com\/wp-content\/uploads\/elementor\/thumbs\/teruar_lab_page_4-r2gn76dtqld9xdddpfhvdmnfy3sbxskiqnwnoqjuaw.jpg\" title=\"teruar_lab_page_4\" alt=\"teruar_lab_page_4\" loading=\"lazy\" \/>\t\t\t\t\t\t\t\t\t\t\t\t\t<\/div>\n\t\t\t\t<\/div>\n\t\t\t\t\t<\/div>\n\t\t\t\t<\/div>\n\t\t\t\t\t<\/div>\n\t\t\t\t<\/div>\n\t\t\t\t<section class=\"elementor-section elementor-top-section elementor-element elementor-element-2b8b99a elementor-section-boxed elementor-section-height-default elementor-section-height-default\" data-id=\"2b8b99a\" data-element_type=\"section\">\n\t\t\t\t\t\t<div class=\"elementor-container elementor-column-gap-default\">\n\t\t\t\t\t<div class=\"elementor-column elementor-col-100 elementor-top-column elementor-element elementor-element-0486d95\" data-id=\"0486d95\" data-element_type=\"column\">\n\t\t\t<div class=\"elementor-widget-wrap elementor-element-populated\">\n\t\t\t\t\t\t<div class=\"elementor-element elementor-element-d48722e elementor-align-center elementor-widget elementor-widget-elementskit-button\" data-id=\"d48722e\" data-element_type=\"widget\" data-widget_type=\"elementskit-button.default\">\n\t\t\t\t<div class=\"elementor-widget-container\">\n\t\t\t<div class=\"ekit-wid-con\" >\t\t<div class=\"ekit-btn-wraper\">\n\t\t\t\t\t\t\t<a href=\"\/tr\/restoran\" class=\"elementskit-btn  whitespace--normal\" id=\"\">\n\t\t\t\t\trestoran<i class=\"icon icon-right-arrow2\"><\/i>\t\t\t\t<\/a>\n\t\t\t\t\t<\/div>\n        <\/div>\t\t<\/div>\n\t\t\t\t<\/div>\n\t\t\t\t<div class=\"elementor-element elementor-element-960a841 elementor-align-center elementor-widget elementor-widget-elementskit-button\" data-id=\"960a841\" data-element_type=\"widget\" data-widget_type=\"elementskit-button.default\">\n\t\t\t\t<div class=\"elementor-widget-container\">\n\t\t\t<div class=\"ekit-wid-con\" >\t\t<div class=\"ekit-btn-wraper\">\n\t\t\t\t\t\t\t<a href=\"\/tr\/odalar\" class=\"elementskit-btn  whitespace--normal\" id=\"\">\n\t\t\t\t\t<i class=\"icon icon-left-arrow2\"><\/i>odalar\t\t\t\t<\/a>\n\t\t\t\t\t<\/div>\n        <\/div>\t\t<\/div>\n\t\t\t\t<\/div>\n\t\t\t\t\t<\/div>\n\t\t<\/div>\n\t\t\t\t\t<\/div>\n\t\t<\/section>\n\t\t\t\t<\/div>\n\t\t","protected":false},"excerpt":{"rendered":"<p>Laboratuvar teruar\u2019\u0131n ke\u015fif alan\u0131 Teruar\u2019da laboratuvar, fikirlerin \u015fekillendi\u011fi, malzemelerin incelendi\u011fi ve tekniklerin rafine edildi\u011fi d\u00fc\u015f\u00fcnme yeri. Ara\u015ft\u0131rma, deney ve ke\u015fif i\u00e7in kendimize tan\u0131d\u0131\u011f\u0131m\u0131z bir yarat\u0131c\u0131l\u0131k alan\u0131. Burada mahsullerimizin tat profillerini ke\u015ffediyor, soslar\u0131m\u0131z\u0131 geli\u015ftiriyor ve servis etti\u011fimiz her yeme\u011fin temellerini m\u00fckemmelle\u015ftirmek i\u00e7in \u00e7al\u0131\u015f\u0131yoruz. Burada her \u015fey s\u0131f\u0131rdan yap\u0131l\u0131yor. Laboratuvar, f\u0131r\u0131n \u00fcr\u00fcnlerinden makarnalara, soslardan fermante \u00fcr\u00fcnlere, her [&hellip;]<\/p>\n","protected":false},"author":1,"featured_media":0,"parent":0,"menu_order":0,"comment_status":"closed","ping_status":"closed","template":"","meta":{"inline_featured_image":false,"footnotes":""},"class_list":["post-170","page","type-page","status-publish","hentry"],"_links":{"self":[{"href":"https:\/\/www.teruarurla.com\/tr\/wp-json\/wp\/v2\/pages\/170"}],"collection":[{"href":"https:\/\/www.teruarurla.com\/tr\/wp-json\/wp\/v2\/pages"}],"about":[{"href":"https:\/\/www.teruarurla.com\/tr\/wp-json\/wp\/v2\/types\/page"}],"author":[{"embeddable":true,"href":"https:\/\/www.teruarurla.com\/tr\/wp-json\/wp\/v2\/users\/1"}],"replies":[{"embeddable":true,"href":"https:\/\/www.teruarurla.com\/tr\/wp-json\/wp\/v2\/comments?post=170"}],"version-history":[{"count":27,"href":"https:\/\/www.teruarurla.com\/tr\/wp-json\/wp\/v2\/pages\/170\/revisions"}],"predecessor-version":[{"id":5585,"href":"https:\/\/www.teruarurla.com\/tr\/wp-json\/wp\/v2\/pages\/170\/revisions\/5585"}],"wp:attachment":[{"href":"https:\/\/www.teruarurla.com\/tr\/wp-json\/wp\/v2\/media?parent=170"}],"curies":[{"name":"wp","href":"https:\/\/api.w.org\/{rel}","templated":true}]}}