{"id":175,"date":"2023-12-13T16:55:49","date_gmt":"2023-12-13T16:55:49","guid":{"rendered":"https:\/\/www.teruarurla.com\/?page_id=175"},"modified":"2025-08-08T14:35:07","modified_gmt":"2025-08-08T14:35:07","slug":"odalar","status":"publish","type":"page","link":"https:\/\/www.teruarurla.com\/tr\/odalar\/","title":{"rendered":"Odalar"},"content":{"rendered":"<!-- Added by Post\/Page specific custom CSS plugin, thank you for using! -->\n<style>@media only screen and (min-width: 768px) and (max-width: 1024px) {\r\n\r\n.elementor:not(.elementor-bc-flex-widget) .elementor-widget-wrap {\r\n    display: block;\r\n}\r\n.elementor-element.elementor-element-5d95047.elementor-widget.elementor-widget-text-editor {\r\n    display: none;\r\n}\r\nimg.attachment-full.size-full.wp-image-1181 {\r\n    width: 35px !important;\r\n   display: block  !important;\r\n}\r\n}<\/style>\n\t\t<div data-elementor-type=\"wp-page\" data-elementor-id=\"175\" class=\"elementor elementor-175\">\n\t\t\t\t\t\t<section class=\"elementor-section elementor-top-section elementor-element elementor-element-669e2d9 elementor-section-boxed elementor-section-height-default elementor-section-height-default\" data-id=\"669e2d9\" data-element_type=\"section\" data-settings=\"{&quot;background_background&quot;:&quot;classic&quot;}\">\n\t\t\t\t\t\t<div class=\"elementor-container elementor-column-gap-extended\">\n\t\t\t\t\t<div class=\"elementor-column elementor-col-100 elementor-top-column elementor-element elementor-element-4e34207\" data-id=\"4e34207\" data-element_type=\"column\">\n\t\t\t<div class=\"elementor-widget-wrap elementor-element-populated\">\n\t\t\t\t\t\t<div class=\"elementor-element elementor-element-44ed66d elementor-widget elementor-widget-spacer\" data-id=\"44ed66d\" data-element_type=\"widget\" data-widget_type=\"spacer.default\">\n\t\t\t\t<div class=\"elementor-widget-container\">\n\t\t\t\t\t<div class=\"elementor-spacer\">\n\t\t\t<div class=\"elementor-spacer-inner\"><\/div>\n\t\t<\/div>\n\t\t\t\t<\/div>\n\t\t\t\t<\/div>\n\t\t\t\t<div class=\"elementor-element elementor-element-3293827 elementor-widget elementor-widget-heading\" data-id=\"3293827\" data-element_type=\"widget\" data-widget_type=\"heading.default\">\n\t\t\t\t<div class=\"elementor-widget-container\">\n\t\t\t<h2 class=\"elementor-heading-title elementor-size-default\">Odalar<\/h2>\t\t<\/div>\n\t\t\t\t<\/div>\n\t\t\t\t<div class=\"elementor-element elementor-element-8854b7f elementor-widget elementor-widget-spacer\" data-id=\"8854b7f\" data-element_type=\"widget\" data-widget_type=\"spacer.default\">\n\t\t\t\t<div class=\"elementor-widget-container\">\n\t\t\t\t\t<div class=\"elementor-spacer\">\n\t\t\t<div class=\"elementor-spacer-inner\"><\/div>\n\t\t<\/div>\n\t\t\t\t<\/div>\n\t\t\t\t<\/div>\n\t\t\t\t\t<\/div>\n\t\t<\/div>\n\t\t\t\t\t<\/div>\n\t\t<\/section>\n\t\t<div class=\"elementor-element elementor-element-04395bd e-flex e-con-boxed e-con e-parent\" data-id=\"04395bd\" data-element_type=\"container\">\n\t\t\t\t\t<div class=\"e-con-inner\">\n\t\t<div class=\"elementor-element elementor-element-1c5824a e-con-full e-flex e-con e-child\" data-id=\"1c5824a\" data-element_type=\"container\">\n\t\t\t\t<div class=\"elementor-element elementor-element-a615857 elementor-widget elementor-widget-text-editor\" data-id=\"a615857\" data-element_type=\"widget\" data-widget_type=\"text-editor.default\">\n\t\t\t\t<div class=\"elementor-widget-container\">\n\t\t\t\t\t\t\t<p class=\"BodyA\"><span lang=\"DE\">Mevsimlerin ge\u00e7i\u015fini kendisini \u00e7evreleyen ba\u011flar\u0131n de\u011fi\u015fen renkleri ile kodlayan Teruar\u2019\u0131 b\u00fct\u00fcn\u00fcyle ihtiva eden durak; Teruar\u2019\u0131n odalar\u0131. <\/span><\/p><p>Urla ta\u015f\u0131n\u0131n, ah\u015fab\u0131n, ketenin ve pamu\u011fun dokular\u0131 olduklar\u0131 gibi buradalar.<\/p><p>Odalardaki deneyim; lokal \u015faraplar\u0131, u\u00e7suz tarlalar\u0131, ke\u015ffedilmemi\u015f koylar\u0131, az bilinen orman yollar\u0131n\u0131 ke\u015ffetmeye adanm\u0131\u015f g\u00fcnlerde, her zaman Teruar\u2019\u0131n restoran\u0131na d\u00f6nebilmeniz i\u00e7in tasarland\u0131.<\/p><p>D\u00f6rt mevsim yenilenen manzaraya kar\u015f\u0131 duran yedi oda.<\/p>\t\t\t\t\t\t<\/div>\n\t\t\t\t<\/div>\n\t\t\t\t<div class=\"elementor-element elementor-element-3614114 elementor-widget elementor-widget-text-editor\" data-id=\"3614114\" data-element_type=\"widget\" data-widget_type=\"text-editor.default\">\n\t\t\t\t<div class=\"elementor-widget-container\">\n\t\t\t\t\t\t\t<p>nefes alma dura\u011f\u0131.<\/p>\t\t\t\t\t\t<\/div>\n\t\t\t\t<\/div>\n\t\t\t\t<\/div>\n\t\t<div class=\"elementor-element elementor-element-0457037 e-con-full e-flex e-con e-child\" data-id=\"0457037\" data-element_type=\"container\">\n\t\t\t\t<div class=\"elementor-element elementor-element-47bd054 elementor-widget elementor-widget-html\" data-id=\"47bd054\" data-element_type=\"widget\" data-widget_type=\"html.default\">\n\t\t\t\t<div class=\"elementor-widget-container\">\n\t\t\t<a href=\"https:\/\/www.instagram.com\/teruarurla\/reel\/Ci4lPgFjGNn\/\" target=\"_blank\" class=\"video-container\" rel=\"noopener\">\r\n  <video autoplay muted loop playsinline>\r\n    <source src=\"\/wp-content\/uploads\/2024\/02\/Teruar-Otel-V3-420.mp4\">\r\n  <\/video>\r\n<\/a>\t\t<\/div>\n\t\t\t\t<\/div>\n\t\t\t\t<\/div>\n\t\t\t\t\t<\/div>\n\t\t\t\t<\/div>\n\t\t<div class=\"elementor-element elementor-element-49bf576 e-flex e-con-boxed e-con e-parent\" data-id=\"49bf576\" data-element_type=\"container\" id=\"detaylar\">\n\t\t\t\t\t<div class=\"e-con-inner\">\n\t\t<div class=\"elementor-element elementor-element-2271996 e-con-full e-flex e-con e-child\" data-id=\"2271996\" data-element_type=\"container\">\n\t\t\t\t<div class=\"elementor-element elementor-element-d6a04d7 elementor-widget elementor-widget-text-editor\" data-id=\"d6a04d7\" data-element_type=\"widget\" data-widget_type=\"text-editor.default\">\n\t\t\t\t<div class=\"elementor-widget-container\">\n\t\t\t\t\t\t\tyerinizi ay\u0131r\u0131n. \t\t\t\t\t\t<\/div>\n\t\t\t\t<\/div>\n\t\t\t\t<div class=\"elementor-element elementor-element-c108982 elementor-widget elementor-widget-image\" data-id=\"c108982\" data-element_type=\"widget\" data-widget_type=\"image.default\">\n\t\t\t\t<div class=\"elementor-widget-container\">\n\t\t\t\t\t\t\t\t\t\t\t\t\t<img fetchpriority=\"high\" decoding=\"async\" width=\"683\" height=\"1024\" src=\"https:\/\/www.teruarurla.com\/wp-content\/uploads\/2025\/08\/odalar-683x1024.jpg\" class=\"attachment-large size-large wp-image-5786\" alt=\"\" srcset=\"https:\/\/www.teruarurla.com\/wp-content\/uploads\/2025\/08\/odalar-683x1024.jpg 683w, https:\/\/www.teruarurla.com\/wp-content\/uploads\/2025\/08\/odalar-200x300.jpg 200w, https:\/\/www.teruarurla.com\/wp-content\/uploads\/2025\/08\/odalar-768x1152.jpg 768w, https:\/\/www.teruarurla.com\/wp-content\/uploads\/2025\/08\/odalar.jpg 800w\" sizes=\"(max-width: 683px) 100vw, 683px\" \/>\t\t\t\t\t\t\t\t\t\t\t\t\t<\/div>\n\t\t\t\t<\/div>\n\t\t\t\t<\/div>\n\t\t<div class=\"elementor-element elementor-element-04043b8 e-con-full e-flex e-con e-child\" data-id=\"04043b8\" data-element_type=\"container\">\n\t\t\t\t<div class=\"elementor-element elementor-element-805f5b9 elementor-widget elementor-widget-text-editor\" data-id=\"805f5b9\" data-element_type=\"widget\" data-widget_type=\"text-editor.default\">\n\t\t\t\t<div class=\"elementor-widget-container\">\n\t\t\t\t\t\t\t<p>Teruar\u2019da odan\u0131z\u0131 ay\u0131rmak i\u00e7in bize a\u015fa\u011f\u0131daki email ve telefon numaralar\u0131ndan ula\u015fabilirsiniz. <br \/>Teruar hakk\u0131nda s\u0131k sorulan sorular hakk\u0131nda bilgi edinmek i\u00e7in <span style=\"text-decoration: underline;\"><a href=\"\/detaylar\/\">t\u0131klay\u0131n\u0131z<\/a>.<\/span><\/p><p><span style=\"color: #000000; font-size: 28px;\"><a style=\"color: #000000;\" href=\"tel:05326592090\">+90 (532) 659 20 90<\/a><br \/><span style=\"color: #000000; font-size: 28px;\"><a style=\"color: #000000;\" href=\"tel:02329900102\">+90 (232) 990 01 02<\/a><br \/><a style=\"color: #000000;\" href=\"mailto:info@teruarurla.com\">info@teruarurla.com<\/a><\/span><\/span><\/p>\t\t\t\t\t\t<\/div>\n\t\t\t\t<\/div>\n\t\t\t\t<\/div>\n\t\t\t\t\t<\/div>\n\t\t\t\t<\/div>\n\t\t<div class=\"elementor-element elementor-element-3c47216 e-con-full map e-flex e-con e-parent\" data-id=\"3c47216\" data-element_type=\"container\" id=\"map\">\n\t\t\t\t<div class=\"elementor-element elementor-element-0f04290 elementor-widget elementor-widget-google_maps\" data-id=\"0f04290\" data-element_type=\"widget\" data-widget_type=\"google_maps.default\">\n\t\t\t\t<div class=\"elementor-widget-container\">\n\t\t\t\t\t<div class=\"elementor-custom-embed\">\n\t\t\t<iframe loading=\"lazy\"\n\t\t\t\t\tsrc=\"https:\/\/maps.google.com\/maps?q=Ku%C5%9F%C3%A7ular%2C%208028.%20Sk.%20No%3A16%2C%2035430%20Urla%2F%C4%B0zmir&#038;t=m&#038;z=13&#038;output=embed&#038;iwloc=near\"\n\t\t\t\t\ttitle=\"Ku\u015f\u00e7ular, 8028. Sk. No:16, 35430 Urla\/\u0130zmir\"\n\t\t\t\t\taria-label=\"Ku\u015f\u00e7ular, 8028. Sk. No:16, 35430 Urla\/\u0130zmir\"\n\t\t\t><\/iframe>\n\t\t<\/div>\n\t\t\t\t<\/div>\n\t\t\t\t<\/div>\n\t\t\t\t<\/div>\n\t\t<div class=\"elementor-element elementor-element-0bbd046 e-con-full elementor-hidden-desktop elementor-hidden-tablet elementor-hidden-mobile e-flex e-con e-parent\" data-id=\"0bbd046\" data-element_type=\"container\">\n\t\t\t\t<div class=\"elementor-element elementor-element-bea7dff elementor-widget elementor-widget-html\" data-id=\"bea7dff\" data-element_type=\"widget\" data-widget_type=\"html.default\">\n\t\t\t\t<div class=\"elementor-widget-container\">\n\t\t\t<iframe class=\"map\" src=\"https:\/\/www.google.com\/maps\/d\/embed?mid=1GpoosSZ6PKjXn0DbWrQuXlebuDRc-70&hl=tr&ehbc=2E312F\" width=\"240\" height=\"480\"><\/iframe>\t\t<\/div>\n\t\t\t\t<\/div>\n\t\t\t\t<\/div>\n\t\t\t\t<section class=\"elementor-section elementor-top-section elementor-element elementor-element-13c6caa6 elementor-section-boxed elementor-section-height-default elementor-section-height-default\" data-id=\"13c6caa6\" data-element_type=\"section\">\n\t\t\t\t\t\t<div class=\"elementor-container elementor-column-gap-default\">\n\t\t\t\t\t<div class=\"elementor-column elementor-col-100 elementor-top-column elementor-element elementor-element-4840c422\" data-id=\"4840c422\" data-element_type=\"column\">\n\t\t\t<div class=\"elementor-widget-wrap elementor-element-populated\">\n\t\t\t\t\t\t<div class=\"elementor-element elementor-element-b8da8de elementor-align-center elementor-widget elementor-widget-elementskit-button\" data-id=\"b8da8de\" data-element_type=\"widget\" data-widget_type=\"elementskit-button.default\">\n\t\t\t\t<div class=\"elementor-widget-container\">\n\t\t\t<div class=\"ekit-wid-con\" >\t\t<div class=\"ekit-btn-wraper\">\n\t\t\t\t\t\t\t<a href=\"\/tr\/manifesto\" class=\"elementskit-btn  whitespace--normal\" id=\"\">\n\t\t\t\t\tmanifesto<i class=\"icon icon-right-arrow2\"><\/i>\t\t\t\t<\/a>\n\t\t\t\t\t<\/div>\n        <\/div>\t\t<\/div>\n\t\t\t\t<\/div>\n\t\t\t\t<div class=\"elementor-element elementor-element-ee96eda elementor-align-center elementor-widget elementor-widget-elementskit-button\" data-id=\"ee96eda\" data-element_type=\"widget\" data-widget_type=\"elementskit-button.default\">\n\t\t\t\t<div class=\"elementor-widget-container\">\n\t\t\t<div class=\"ekit-wid-con\" >\t\t<div class=\"ekit-btn-wraper\">\n\t\t\t\t\t\t\t<a href=\"\/tr\/restoran\" class=\"elementskit-btn  whitespace--normal\" id=\"\">\n\t\t\t\t\t<i class=\"icon icon-left-arrow2\"><\/i>restoran\t\t\t\t<\/a>\n\t\t\t\t\t<\/div>\n        <\/div>\t\t<\/div>\n\t\t\t\t<\/div>\n\t\t\t\t\t<\/div>\n\t\t<\/div>\n\t\t\t\t\t<\/div>\n\t\t<\/section>\n\t\t\t\t<\/div>\n\t\t","protected":false},"excerpt":{"rendered":"<p>Odalar Mevsimlerin ge\u00e7i\u015fini kendisini \u00e7evreleyen ba\u011flar\u0131n de\u011fi\u015fen renkleri ile kodlayan Teruar\u2019\u0131 b\u00fct\u00fcn\u00fcyle ihtiva eden durak; Teruar\u2019\u0131n odalar\u0131. Urla ta\u015f\u0131n\u0131n, ah\u015fab\u0131n, ketenin ve pamu\u011fun dokular\u0131 olduklar\u0131 gibi buradalar. Odalardaki deneyim; lokal \u015faraplar\u0131, u\u00e7suz tarlalar\u0131, ke\u015ffedilmemi\u015f koylar\u0131, az bilinen orman yollar\u0131n\u0131 ke\u015ffetmeye adanm\u0131\u015f g\u00fcnlerde, her zaman Teruar\u2019\u0131n restoran\u0131na d\u00f6nebilmeniz i\u00e7in tasarland\u0131. D\u00f6rt mevsim yenilenen manzaraya kar\u015f\u0131 duran [&hellip;]<\/p>\n","protected":false},"author":1,"featured_media":0,"parent":0,"menu_order":0,"comment_status":"closed","ping_status":"closed","template":"","meta":{"inline_featured_image":false,"footnotes":""},"class_list":["post-175","page","type-page","status-publish","hentry"],"_links":{"self":[{"href":"https:\/\/www.teruarurla.com\/tr\/wp-json\/wp\/v2\/pages\/175"}],"collection":[{"href":"https:\/\/www.teruarurla.com\/tr\/wp-json\/wp\/v2\/pages"}],"about":[{"href":"https:\/\/www.teruarurla.com\/tr\/wp-json\/wp\/v2\/types\/page"}],"author":[{"embeddable":true,"href":"https:\/\/www.teruarurla.com\/tr\/wp-json\/wp\/v2\/users\/1"}],"replies":[{"embeddable":true,"href":"https:\/\/www.teruarurla.com\/tr\/wp-json\/wp\/v2\/comments?post=175"}],"version-history":[{"count":6,"href":"https:\/\/www.teruarurla.com\/tr\/wp-json\/wp\/v2\/pages\/175\/revisions"}],"predecessor-version":[{"id":5790,"href":"https:\/\/www.teruarurla.com\/tr\/wp-json\/wp\/v2\/pages\/175\/revisions\/5790"}],"wp:attachment":[{"href":"https:\/\/www.teruarurla.com\/tr\/wp-json\/wp\/v2\/media?parent=175"}],"curies":[{"name":"wp","href":"https:\/\/api.w.org\/{rel}","templated":true}]}}