{"id":180,"date":"2023-12-13T17:03:04","date_gmt":"2023-12-13T17:03:04","guid":{"rendered":"https:\/\/www.teruarurla.com\/?page_id=180"},"modified":"2025-08-08T14:44:53","modified_gmt":"2025-08-08T14:44:53","slug":"onsoz","status":"publish","type":"page","link":"https:\/\/www.teruarurla.com\/tr\/onsoz\/","title":{"rendered":"\u00d6ns\u00f6z"},"content":{"rendered":"<!-- Added by Post\/Page specific custom CSS plugin, thank you for using! -->\n<style>@media only screen and (min-width: 768px) and (max-width: 1024px) {\r\n.main-container {\r\n    margin-top: -121px !important;\r\n}\r\n.elementor:not(.elementor-bc-flex-widget) .elementor-widget-wrap {\r\n    display: block;\r\n}\r\n.elementor-element.elementor-element-5d95047.elementor-widget.elementor-widget-text-editor {\r\n    display: none;\r\n}\r\nimg.attachment-full.size-full.wp-image-1181 {\r\n    width: 35px !important;\r\n   display: block  !important;\r\n}\r\n}<\/style>\n\t\t<div data-elementor-type=\"wp-page\" data-elementor-id=\"180\" class=\"elementor elementor-180\">\n\t\t\t\t\t\t<section class=\"elementor-section elementor-top-section elementor-element elementor-element-f16d580 elementor-section-boxed elementor-section-height-default elementor-section-height-default\" data-id=\"f16d580\" data-element_type=\"section\" data-settings=\"{&quot;background_background&quot;:&quot;classic&quot;}\">\n\t\t\t\t\t\t<div class=\"elementor-container elementor-column-gap-extended\">\n\t\t\t\t\t<div class=\"elementor-column elementor-col-100 elementor-top-column elementor-element elementor-element-5cb71a3\" data-id=\"5cb71a3\" data-element_type=\"column\">\n\t\t\t<div class=\"elementor-widget-wrap elementor-element-populated\">\n\t\t\t\t\t\t<div class=\"elementor-element elementor-element-e6e8869 elementor-widget elementor-widget-spacer\" data-id=\"e6e8869\" data-element_type=\"widget\" data-widget_type=\"spacer.default\">\n\t\t\t\t<div class=\"elementor-widget-container\">\n\t\t\t\t\t<div class=\"elementor-spacer\">\n\t\t\t<div class=\"elementor-spacer-inner\"><\/div>\n\t\t<\/div>\n\t\t\t\t<\/div>\n\t\t\t\t<\/div>\n\t\t\t\t<div class=\"elementor-element elementor-element-cea2ace elementor-widget elementor-widget-heading\" data-id=\"cea2ace\" data-element_type=\"widget\" data-widget_type=\"heading.default\">\n\t\t\t\t<div class=\"elementor-widget-container\">\n\t\t\t<h2 class=\"elementor-heading-title elementor-size-default\">\u00d6ns\u00f6z<\/h2>\t\t<\/div>\n\t\t\t\t<\/div>\n\t\t\t\t<div class=\"elementor-element elementor-element-73120eb elementor-widget elementor-widget-spacer\" data-id=\"73120eb\" data-element_type=\"widget\" data-widget_type=\"spacer.default\">\n\t\t\t\t<div class=\"elementor-widget-container\">\n\t\t\t\t\t<div class=\"elementor-spacer\">\n\t\t\t<div class=\"elementor-spacer-inner\"><\/div>\n\t\t<\/div>\n\t\t\t\t<\/div>\n\t\t\t\t<\/div>\n\t\t\t\t\t<\/div>\n\t\t<\/div>\n\t\t\t\t\t<\/div>\n\t\t<\/section>\n\t\t<div class=\"elementor-element elementor-element-d14215f e-flex e-con-boxed e-con e-parent\" data-id=\"d14215f\" data-element_type=\"container\">\n\t\t\t\t\t<div class=\"e-con-inner\">\n\t\t<div class=\"elementor-element elementor-element-9148a7f e-con-full e-flex e-con e-child\" data-id=\"9148a7f\" data-element_type=\"container\">\n\t\t\t\t<div class=\"elementor-element elementor-element-b99e83f elementor-widget elementor-widget-text-editor\" data-id=\"b99e83f\" data-element_type=\"widget\" data-widget_type=\"text-editor.default\">\n\t\t\t\t<div class=\"elementor-widget-container\">\n\t\t\t\t\t\t\t<p class=\"BodyA\"><span lang=\"DE\">topra\u011f\u0131n ve havan\u0131n istedi\u011fi<br \/>gibi ya\u015fayabilmek<\/span><\/p>\t\t\t\t\t\t<\/div>\n\t\t\t\t<\/div>\n\t\t\t\t<div class=\"elementor-element elementor-element-11ef0bc elementor-widget elementor-widget-text-editor\" data-id=\"11ef0bc\" data-element_type=\"widget\" data-widget_type=\"text-editor.default\">\n\t\t\t\t<div class=\"elementor-widget-container\">\n\t\t\t\t\t\t\t<p>Topra\u011f\u0131n ve havan\u0131n kurallar\u0131yla ya\u015fayabilmek. Teruar\u0131 dinlemek, onu her g\u00fcn sayg\u0131yla ve emekle d\u00f6n\u00fc\u015ft\u00fcrmek. Ve, d\u00f6n\u00fc\u015ft\u00fcrd\u00fcklerimizi heyecanla payla\u015fmak.<\/p><p>Ezgi ve ben, hayranl\u0131k duydu\u011fumuz detaylarda hemfikiriz. Materyaller ve mahs\u00fcllerin en do\u011fal halleriyle, olduklar\u0131 gibi g\u00f6r\u00fcnd\u00fckleri anlar yaratmak tek idealimiz. Rit\u00fcellerimiz birbirini s\u00fcrd\u00fcr\u00fclebilir k\u0131lan mutfak, laboratuvar ve odalarda kendine has \u015fekillerini al\u0131rken onlar\u0131 birbirine ba\u011flayan ve bizi her daim besleyen \u015fey bu co\u011frafyan\u0131n kendisi.<\/p><p>Teruar\u2019\u0131 ya\u015fatmak bizim i\u00e7in tarifsiz bir keyif, sonu olmayan bir \u00f6\u011frenme d\u00f6ng\u00fcs\u00fc. Do\u011fan\u0131n istedi\u011fini anlama ve kendimizi tamamlama yolculu\u011fu.<\/p>\t\t\t\t\t\t<\/div>\n\t\t\t\t<\/div>\n\t\t\t\t<\/div>\n\t\t<div class=\"elementor-element elementor-element-3825f97 e-con-full e-flex e-con e-child\" data-id=\"3825f97\" data-element_type=\"container\">\n\t\t\t\t<div class=\"elementor-element elementor-element-c256855 elementor-widget elementor-widget-image\" data-id=\"c256855\" data-element_type=\"widget\" data-widget_type=\"image.default\">\n\t\t\t\t<div class=\"elementor-widget-container\">\n\t\t\t\t\t\t\t\t\t\t\t\t\t<img fetchpriority=\"high\" decoding=\"async\" width=\"683\" height=\"1024\" src=\"https:\/\/www.teruarurla.com\/wp-content\/uploads\/2025\/08\/ilk-683x1024.jpg\" class=\"attachment-large size-large wp-image-5773\" alt=\"\" srcset=\"https:\/\/www.teruarurla.com\/wp-content\/uploads\/2025\/08\/ilk-683x1024.jpg 683w, https:\/\/www.teruarurla.com\/wp-content\/uploads\/2025\/08\/ilk-200x300.jpg 200w, https:\/\/www.teruarurla.com\/wp-content\/uploads\/2025\/08\/ilk-768x1152.jpg 768w, https:\/\/www.teruarurla.com\/wp-content\/uploads\/2025\/08\/ilk-1024x1536.jpg 1024w, https:\/\/www.teruarurla.com\/wp-content\/uploads\/2025\/08\/ilk.jpg 1200w\" sizes=\"(max-width: 683px) 100vw, 683px\" \/>\t\t\t\t\t\t\t\t\t\t\t\t\t<\/div>\n\t\t\t\t<\/div>\n\t\t\t\t<\/div>\n\t\t\t\t\t<\/div>\n\t\t\t\t<\/div>\n\t\t<div class=\"elementor-element elementor-element-6d137e2 e-flex e-con-boxed e-con e-parent\" data-id=\"6d137e2\" data-element_type=\"container\">\n\t\t\t\t\t<div class=\"e-con-inner\">\n\t\t<div class=\"elementor-element elementor-element-cde1d46 e-con-full e-flex e-con e-child\" data-id=\"cde1d46\" data-element_type=\"container\">\n\t\t\t\t<div class=\"elementor-element elementor-element-8921b9e elementor-widget elementor-widget-text-editor\" data-id=\"8921b9e\" data-element_type=\"widget\" data-widget_type=\"text-editor.default\">\n\t\t\t\t<div class=\"elementor-widget-container\">\n\t\t\t\t\t\t\t<p class=\"BodyA\"><span lang=\"DE\">yarat\u0131c\u0131lar.<\/span><\/p>\t\t\t\t\t\t<\/div>\n\t\t\t\t<\/div>\n\t\t\t\t<div class=\"elementor-element elementor-element-7c924db elementor-widget elementor-widget-text-editor\" data-id=\"7c924db\" data-element_type=\"widget\" data-widget_type=\"text-editor.default\">\n\t\t\t\t<div class=\"elementor-widget-container\">\n\t\t\t\t\t\t\t<p class=\"BodyA\"><span lang=\"DE\">ALMA La Scuola Internazionale di Cucina Italiana mezunu Osman Serdaro\u011flu Teruar\u2019\u0131 kurmadan \u00f6nce mutfak vizyonunu G\u00fcney \u0130talya\u2019da 2 Michelin y\u0131ld\u0131zl\u0131 iki \u015fefin mutfa\u011f\u0131ndaki y\u0131llar ile b\u00fcy\u00fctt\u00fc. <\/span><\/p><p class=\"BodyA\">Gennaro Esposito\u2019nun Napoli\u2019deki restoran\u0131 \u201cTorre del Saracino\u201d ve Pino Cuttaia\u2019n\u0131n \u201cLa Madia\u201ds\u0131nda kazand\u0131\u011f\u0131 tecr\u00fcbe ile G\u00fcney \u0130talya\u2019n\u0131n topra\u011fa s\u0131ms\u0131k\u0131 ba\u011fl\u0131 mutfak k\u00fclt\u00fcr\u00fcn\u00fc Urla\u2019n\u0131n \u00e7ok \u00f6zel zeytinlik ve \u015farap ba\u011flar\u0131 aras\u0131nda yeniden yorumlamak ve T\u00fcrkiye\u2019nin gastronomi de\u011ferini haketti\u011fi uluslararas\u0131 \u00e7izgide sunabilmek amac\u0131yla birbirini tamamlayan t\u00fcm par\u00e7alar\u0131 ile bir b\u00fct\u00fcn olan Teruar\u2019\u0131 yaratt\u0131.<\/p><p class=\"BodyA\"><span lang=\"DE\">Yarat\u0131c\u0131 s\u00fcrecin ayr\u0131lmaz par\u00e7as\u0131 ve Teruar\u2019daki deneyimin mimar\u0131 olan Ezgi Serdaro\u011flu, Teruar\u2019\u0131n marka, ileti\u015fim, dekorasyon, otelcilik ve servis tasar\u0131m s\u00fcre\u00e7lerini y\u00f6netirken i\u015f hayat\u0131nda biriktirdi\u011fi ileti\u015fim ve otelcilik deneyiminden yararlan\u0131yor. Osman Serdaro\u011flu\u2019nun mutfak vizyonunun do\u011fru ileti\u015fimi ve s\u00fcrd\u00fcr\u00fclebilirli\u011fi i\u00e7in ayr\u0131lmaz bir ortakl\u0131\u011f\u0131n yar\u0131s\u0131 olarak Teruar\u2019\u0131 b\u00fcy\u00fctmeye devam ediyor.<\/span><\/p>\t\t\t\t\t\t<\/div>\n\t\t\t\t<\/div>\n\t\t\t\t<\/div>\n\t\t\t\t\t<\/div>\n\t\t\t\t<\/div>\n\t\t\t\t<section class=\"elementor-section elementor-top-section elementor-element elementor-element-31f40c8c elementor-hidden-tablet elementor-hidden-mobile elementor-section-boxed elementor-section-height-default elementor-section-height-default\" data-id=\"31f40c8c\" data-element_type=\"section\" data-settings=\"{&quot;background_background&quot;:&quot;classic&quot;}\">\n\t\t\t\t\t\t<div class=\"elementor-container elementor-column-gap-default\">\n\t\t\t\t\t<div class=\"elementor-column elementor-col-100 elementor-top-column elementor-element elementor-element-c696fe\" data-id=\"c696fe\" data-element_type=\"column\">\n\t\t\t<div class=\"elementor-widget-wrap elementor-element-populated\">\n\t\t\t\t\t\t<section class=\"elementor-section elementor-inner-section elementor-element elementor-element-6a67359e elementor-section-boxed elementor-section-height-default elementor-section-height-default\" data-id=\"6a67359e\" data-element_type=\"section\">\n\t\t\t\t\t\t<div class=\"elementor-container elementor-column-gap-default\">\n\t\t\t\t\t<div class=\"elementor-column elementor-col-100 elementor-inner-column elementor-element elementor-element-2cbc430b\" data-id=\"2cbc430b\" data-element_type=\"column\">\n\t\t\t<div class=\"elementor-widget-wrap elementor-element-populated\">\n\t\t\t\t\t\t<div class=\"elementor-element elementor-element-1ba0a80e elementor-widget elementor-widget-elementskit-testimonial\" data-id=\"1ba0a80e\" data-element_type=\"widget\" data-widget_type=\"elementskit-testimonial.default\">\n\t\t\t\t<div class=\"elementor-widget-container\">\n\t\t\t<div class=\"ekit-wid-con\" ><div class=\"elementskit-testimonial-slider arrow_inside \" data-config=\"{&quot;rtl&quot;:false,&quot;arrows&quot;:false,&quot;dots&quot;:false,&quot;pauseOnHover&quot;:false,&quot;autoplay&quot;:false,&quot;speed&quot;:1000,&quot;slidesPerGroup&quot;:1,&quot;slidesPerView&quot;:2,&quot;loop&quot;:false,&quot;spaceBetween&quot;:&quot;&quot;,&quot;breakpoints&quot;:{&quot;320&quot;:{&quot;slidesPerView&quot;:1,&quot;slidesPerGroup&quot;:&quot;1&quot;,&quot;spaceBetween&quot;:10},&quot;768&quot;:{&quot;slidesPerView&quot;:&quot;2&quot;,&quot;slidesPerGroup&quot;:&quot;1&quot;,&quot;spaceBetween&quot;:10},&quot;1024&quot;:{&quot;slidesPerView&quot;:2,&quot;slidesPerGroup&quot;:1,&quot;spaceBetween&quot;:15}}}\">\n\t<div class=\"ekit-main-swiper swiper\">\n\t\t<div class=\"swiper-wrapper\">\n\t\t\t\t\t\t\t\t<div class=\"swiper-slide\">\n\t\t\t\t\t\t<div class=\"swiper-slide-inner\">\n\t\t\t\t\t\t\t<a class=\"elementskit-testimonial_card\" style=\"background-image: url(https:\/\/www.teruarurla.com\/wp-content\/uploads\/2023\/12\/IMG_4463-scaled.jpeg);\" href=\"https:\/\/www.instagram.com\/osmserdaroglu\/\" target=\"_blank\" rel=\"noopener\">\n\t\t\t\t\t\t\t\t\n\t\t\t\t\t\t\t\t\n\t\t\t\t\t\t\t\t<span class=\"elementskit-profile-info\">\n\t\t\t\t\t\t\t\t\t<strong class=\"elementskit-author-name\">Osman Serdaro\u011flu<\/strong>\n\t\t\t\t\t\t\t\t\t<span class=\"elementskit-author-des\">Kurucu \u015eef<\/span>\n\t\t\t\t\t\t\t\t<\/span>\n\t\t\t\t\t\t\t\t<div class=\"xs-overlay elementor-repeater-item-2d66031\"><\/div>\n\t\t\t\t\t\t\t<\/a><!-- .testimonial_card END -->\n\t\t\t\t\t\t<\/div>\n\t\t\t\t\t<\/div>\n\t\t\t\t\t\t\t\t<div class=\"swiper-slide\">\n\t\t\t\t\t\t<div class=\"swiper-slide-inner\">\n\t\t\t\t\t\t\t<a class=\"elementskit-testimonial_card\" style=\"background-image: url(https:\/\/www.teruarurla.com\/wp-content\/uploads\/2025\/08\/ezgi-serdaroglu-1.jpg);\" href=\"https:\/\/www.instagram.com\/ezgserdaroglu\/\" target=\"_blank\" rel=\"noopener\">\n\t\t\t\t\t\t\t\t\n\t\t\t\t\t\t\t\t\n\t\t\t\t\t\t\t\t<span class=\"elementskit-profile-info\">\n\t\t\t\t\t\t\t\t\t<strong class=\"elementskit-author-name\">Ezgi Serdaro\u011flu<\/strong>\n\t\t\t\t\t\t\t\t\t<span class=\"elementskit-author-des\">Kurucu &amp; Deneyim K\u00fcrat\u00f6r\u00fc<\/span>\n\t\t\t\t\t\t\t\t<\/span>\n\t\t\t\t\t\t\t\t<div class=\"xs-overlay elementor-repeater-item-42f3647\"><\/div>\n\t\t\t\t\t\t\t<\/a><!-- .testimonial_card END -->\n\t\t\t\t\t\t<\/div>\n\t\t\t\t\t<\/div>\n\t\t\t\t\t<\/div>\n\n\t\t\n\t\t\t<\/div>\n<\/div>\n<\/div>\t\t<\/div>\n\t\t\t\t<\/div>\n\t\t\t\t\t<\/div>\n\t\t<\/div>\n\t\t\t\t\t<\/div>\n\t\t<\/section>\n\t\t\t\t\t<\/div>\n\t\t<\/div>\n\t\t\t\t\t<\/div>\n\t\t<\/section>\n\t\t\t\t<section class=\"elementor-section elementor-top-section elementor-element elementor-element-067f82a elementor-hidden-desktop elementor-section-boxed elementor-section-height-default elementor-section-height-default\" data-id=\"067f82a\" data-element_type=\"section\" data-settings=\"{&quot;background_background&quot;:&quot;classic&quot;}\">\n\t\t\t\t\t\t<div class=\"elementor-container elementor-column-gap-default\">\n\t\t\t\t\t<div class=\"elementor-column elementor-col-100 elementor-top-column elementor-element elementor-element-94517b3\" data-id=\"94517b3\" data-element_type=\"column\">\n\t\t\t<div class=\"elementor-widget-wrap elementor-element-populated\">\n\t\t\t\t\t\t<section class=\"elementor-section elementor-inner-section elementor-element elementor-element-348de54 elementor-section-boxed elementor-section-height-default elementor-section-height-default\" data-id=\"348de54\" data-element_type=\"section\">\n\t\t\t\t\t\t<div class=\"elementor-container elementor-column-gap-default\">\n\t\t\t\t\t<div class=\"elementor-column elementor-col-100 elementor-inner-column elementor-element elementor-element-da7524f\" data-id=\"da7524f\" data-element_type=\"column\">\n\t\t\t<div class=\"elementor-widget-wrap elementor-element-populated\">\n\t\t\t\t\t\t<div class=\"elementor-element elementor-element-0482d1d elementor-widget elementor-widget-elementskit-testimonial\" data-id=\"0482d1d\" data-element_type=\"widget\" data-widget_type=\"elementskit-testimonial.default\">\n\t\t\t\t<div class=\"elementor-widget-container\">\n\t\t\t<div class=\"ekit-wid-con\" ><div class=\"elementskit-testimonial-slider arrow_inside \" data-config=\"{&quot;rtl&quot;:false,&quot;arrows&quot;:false,&quot;dots&quot;:false,&quot;pauseOnHover&quot;:false,&quot;autoplay&quot;:false,&quot;speed&quot;:1000,&quot;slidesPerGroup&quot;:1,&quot;slidesPerView&quot;:2,&quot;loop&quot;:false,&quot;spaceBetween&quot;:&quot;&quot;,&quot;breakpoints&quot;:{&quot;320&quot;:{&quot;slidesPerView&quot;:1,&quot;slidesPerGroup&quot;:&quot;1&quot;,&quot;spaceBetween&quot;:10},&quot;768&quot;:{&quot;slidesPerView&quot;:&quot;2&quot;,&quot;slidesPerGroup&quot;:&quot;1&quot;,&quot;spaceBetween&quot;:10},&quot;1024&quot;:{&quot;slidesPerView&quot;:2,&quot;slidesPerGroup&quot;:1,&quot;spaceBetween&quot;:15}}}\">\n\t<div class=\"ekit-main-swiper swiper\">\n\t\t<div class=\"swiper-wrapper\">\n\t\t\t\t\t\t\t\t<div class=\"swiper-slide\">\n\t\t\t\t\t\t<div class=\"swiper-slide-inner\">\n\t\t\t\t\t\t\t<a class=\"elementskit-testimonial_card\" style=\"background-image: url(https:\/\/www.teruarurla.com\/wp-content\/uploads\/2023\/12\/IMG_4463-scaled.jpeg);\" href=\"https:\/\/www.instagram.com\/osmserdaroglu\/\" target=\"_blank\" rel=\"noopener\">\n\t\t\t\t\t\t\t\t\n\t\t\t\t\t\t\t\t\n\t\t\t\t\t\t\t\t<span class=\"elementskit-profile-info\">\n\t\t\t\t\t\t\t\t\t<strong class=\"elementskit-author-name\">Osman Serdaro\u011flu<\/strong>\n\t\t\t\t\t\t\t\t\t<span class=\"elementskit-author-des\">Kurucu \u015eef<\/span>\n\t\t\t\t\t\t\t\t<\/span>\n\t\t\t\t\t\t\t\t<div class=\"xs-overlay elementor-repeater-item-2d66031\"><\/div>\n\t\t\t\t\t\t\t<\/a><!-- .testimonial_card END -->\n\t\t\t\t\t\t<\/div>\n\t\t\t\t\t<\/div>\n\t\t\t\t\t<\/div>\n\n\t\t\n\t\t\t<\/div>\n<\/div>\n<\/div>\t\t<\/div>\n\t\t\t\t<\/div>\n\t\t\t\t<div class=\"elementor-element elementor-element-cd63935 elementor-widget elementor-widget-elementskit-testimonial\" data-id=\"cd63935\" data-element_type=\"widget\" data-widget_type=\"elementskit-testimonial.default\">\n\t\t\t\t<div class=\"elementor-widget-container\">\n\t\t\t<div class=\"ekit-wid-con\" ><div class=\"elementskit-testimonial-slider arrow_inside \" data-config=\"{&quot;rtl&quot;:false,&quot;arrows&quot;:false,&quot;dots&quot;:false,&quot;pauseOnHover&quot;:false,&quot;autoplay&quot;:false,&quot;speed&quot;:1000,&quot;slidesPerGroup&quot;:1,&quot;slidesPerView&quot;:2,&quot;loop&quot;:false,&quot;spaceBetween&quot;:&quot;&quot;,&quot;breakpoints&quot;:{&quot;320&quot;:{&quot;slidesPerView&quot;:1,&quot;slidesPerGroup&quot;:&quot;1&quot;,&quot;spaceBetween&quot;:10},&quot;768&quot;:{&quot;slidesPerView&quot;:&quot;2&quot;,&quot;slidesPerGroup&quot;:&quot;1&quot;,&quot;spaceBetween&quot;:10},&quot;1024&quot;:{&quot;slidesPerView&quot;:2,&quot;slidesPerGroup&quot;:1,&quot;spaceBetween&quot;:15}}}\">\n\t<div class=\"ekit-main-swiper swiper\">\n\t\t<div class=\"swiper-wrapper\">\n\t\t\t\t\t\t\t\t<div class=\"swiper-slide\">\n\t\t\t\t\t\t<div class=\"swiper-slide-inner\">\n\t\t\t\t\t\t\t<a class=\"elementskit-testimonial_card\" style=\"background-image: url(https:\/\/www.teruarurla.com\/wp-content\/uploads\/2025\/08\/ezgi-serdaroglu-1.jpg);\" href=\"https:\/\/www.instagram.com\/ezgserdaroglu\/\" target=\"_blank\" rel=\"noopener\">\n\t\t\t\t\t\t\t\t\n\t\t\t\t\t\t\t\t\n\t\t\t\t\t\t\t\t<span class=\"elementskit-profile-info\">\n\t\t\t\t\t\t\t\t\t<strong class=\"elementskit-author-name\">Ezgi Serdaro\u011flu<\/strong>\n\t\t\t\t\t\t\t\t\t<span class=\"elementskit-author-des\">Kurucu &amp; Deneyim K\u00fcrat\u00f6r\u00fc<\/span>\n\t\t\t\t\t\t\t\t<\/span>\n\t\t\t\t\t\t\t\t<div class=\"xs-overlay elementor-repeater-item-42f3647\"><\/div>\n\t\t\t\t\t\t\t<\/a><!-- .testimonial_card END -->\n\t\t\t\t\t\t<\/div>\n\t\t\t\t\t<\/div>\n\t\t\t\t\t<\/div>\n\n\t\t\n\t\t\t<\/div>\n<\/div>\n<\/div>\t\t<\/div>\n\t\t\t\t<\/div>\n\t\t\t\t\t<\/div>\n\t\t<\/div>\n\t\t\t\t\t<\/div>\n\t\t<\/section>\n\t\t\t\t\t<\/div>\n\t\t<\/div>\n\t\t\t\t\t<\/div>\n\t\t<\/section>\n\t\t\t\t<section class=\"elementor-section elementor-top-section elementor-element elementor-element-13c6caa6 elementor-section-boxed elementor-section-height-default elementor-section-height-default\" data-id=\"13c6caa6\" data-element_type=\"section\">\n\t\t\t\t\t\t<div class=\"elementor-container elementor-column-gap-default\">\n\t\t\t\t\t<div class=\"elementor-column elementor-col-100 elementor-top-column elementor-element elementor-element-4840c422\" data-id=\"4840c422\" data-element_type=\"column\">\n\t\t\t<div class=\"elementor-widget-wrap elementor-element-populated\">\n\t\t\t\t\t\t<div class=\"elementor-element elementor-element-b8da8de elementor-align-center elementor-widget elementor-widget-elementskit-button\" data-id=\"b8da8de\" data-element_type=\"widget\" data-widget_type=\"elementskit-button.default\">\n\t\t\t\t<div class=\"elementor-widget-container\">\n\t\t\t<div class=\"ekit-wid-con\" >\t\t<div class=\"ekit-btn-wraper\">\n\t\t\t\t\t\t\t<a href=\"\/tr\/laboratuvar\" class=\"elementskit-btn  whitespace--normal\" id=\"\">\n\t\t\t\t\tlaboratuvar<i class=\"icon icon-right-arrow2\"><\/i>\t\t\t\t<\/a>\n\t\t\t\t\t<\/div>\n        <\/div>\t\t<\/div>\n\t\t\t\t<\/div>\n\t\t\t\t<div class=\"elementor-element elementor-element-ee96eda elementor-align-center elementor-widget elementor-widget-elementskit-button\" data-id=\"ee96eda\" data-element_type=\"widget\" data-widget_type=\"elementskit-button.default\">\n\t\t\t\t<div class=\"elementor-widget-container\">\n\t\t\t<div class=\"ekit-wid-con\" >\t\t<div class=\"ekit-btn-wraper\">\n\t\t\t\t\t\t\t<a href=\"\/tr\" class=\"elementskit-btn  whitespace--normal\" id=\"\">\n\t\t\t\t\t<i class=\"icon icon-left-arrow2\"><\/i>ana sayfa\t\t\t\t<\/a>\n\t\t\t\t\t<\/div>\n        <\/div>\t\t<\/div>\n\t\t\t\t<\/div>\n\t\t\t\t\t<\/div>\n\t\t<\/div>\n\t\t\t\t\t<\/div>\n\t\t<\/section>\n\t\t\t\t<\/div>\n\t\t","protected":false},"excerpt":{"rendered":"<p>\u00d6ns\u00f6z topra\u011f\u0131n ve havan\u0131n istedi\u011figibi ya\u015fayabilmek Topra\u011f\u0131n ve havan\u0131n kurallar\u0131yla ya\u015fayabilmek. Teruar\u0131 dinlemek, onu her g\u00fcn sayg\u0131yla ve emekle d\u00f6n\u00fc\u015ft\u00fcrmek. Ve, d\u00f6n\u00fc\u015ft\u00fcrd\u00fcklerimizi heyecanla payla\u015fmak. Ezgi ve ben, hayranl\u0131k duydu\u011fumuz detaylarda hemfikiriz. Materyaller ve mahs\u00fcllerin en do\u011fal halleriyle, olduklar\u0131 gibi g\u00f6r\u00fcnd\u00fckleri anlar yaratmak tek idealimiz. Rit\u00fcellerimiz birbirini s\u00fcrd\u00fcr\u00fclebilir k\u0131lan mutfak, laboratuvar ve odalarda kendine has \u015fekillerini [&hellip;]<\/p>\n","protected":false},"author":1,"featured_media":0,"parent":0,"menu_order":0,"comment_status":"closed","ping_status":"closed","template":"","meta":{"inline_featured_image":false,"footnotes":""},"class_list":["post-180","page","type-page","status-publish","hentry"],"_links":{"self":[{"href":"https:\/\/www.teruarurla.com\/tr\/wp-json\/wp\/v2\/pages\/180"}],"collection":[{"href":"https:\/\/www.teruarurla.com\/tr\/wp-json\/wp\/v2\/pages"}],"about":[{"href":"https:\/\/www.teruarurla.com\/tr\/wp-json\/wp\/v2\/types\/page"}],"author":[{"embeddable":true,"href":"https:\/\/www.teruarurla.com\/tr\/wp-json\/wp\/v2\/users\/1"}],"replies":[{"embeddable":true,"href":"https:\/\/www.teruarurla.com\/tr\/wp-json\/wp\/v2\/comments?post=180"}],"version-history":[{"count":30,"href":"https:\/\/www.teruarurla.com\/tr\/wp-json\/wp\/v2\/pages\/180\/revisions"}],"predecessor-version":[{"id":5822,"href":"https:\/\/www.teruarurla.com\/tr\/wp-json\/wp\/v2\/pages\/180\/revisions\/5822"}],"wp:attachment":[{"href":"https:\/\/www.teruarurla.com\/tr\/wp-json\/wp\/v2\/media?parent=180"}],"curies":[{"name":"wp","href":"https:\/\/api.w.org\/{rel}","templated":true}]}}