{"id":2603,"date":"2024-01-29T09:11:50","date_gmt":"2024-01-29T09:11:50","guid":{"rendered":"https:\/\/www.teruarurla.com\/?page_id=2603"},"modified":"2026-02-03T12:42:52","modified_gmt":"2026-02-03T12:42:52","slug":"detaylar","status":"publish","type":"page","link":"https:\/\/www.teruarurla.com\/tr\/detaylar\/","title":{"rendered":"Detaylar"},"content":{"rendered":"<!-- Added by Post\/Page specific custom CSS plugin, thank you for using! -->\n<style>@media only screen and (min-width: 768px) and (max-width: 1024px) {\r\n.elementor-4854 .elementor-element.elementor-element-86e2b22{\r\nmargin-top: -305px;\r\n}\r\n.elementor:not(.elementor-bc-flex-widget) .elementor-widget-wrap {\r\n    display: block;\r\n}\r\n.elementor-element.elementor-element-5d95047.elementor-widget.elementor-widget-text-editor {\r\n    display: none;\r\n}\r\nimg.attachment-full.size-full.wp-image-1181 {\r\n    width: 35px !important;\r\n   display: block  !important;\r\n}\r\n}<\/style>\n\t\t<div data-elementor-type=\"wp-page\" data-elementor-id=\"2603\" class=\"elementor elementor-2603\">\n\t\t\t\t\t\t<section class=\"elementor-section elementor-top-section elementor-element elementor-element-86e2b22 elementor-section-boxed elementor-section-height-default elementor-section-height-default\" data-id=\"86e2b22\" data-element_type=\"section\" data-settings=\"{&quot;background_background&quot;:&quot;classic&quot;}\">\n\t\t\t\t\t\t<div class=\"elementor-container elementor-column-gap-extended\">\n\t\t\t\t\t<div class=\"elementor-column elementor-col-100 elementor-top-column elementor-element elementor-element-0b29772\" data-id=\"0b29772\" data-element_type=\"column\">\n\t\t\t<div class=\"elementor-widget-wrap elementor-element-populated\">\n\t\t\t\t\t\t<div class=\"elementor-element elementor-element-d1fddab elementor-widget elementor-widget-spacer\" data-id=\"d1fddab\" data-element_type=\"widget\" data-widget_type=\"spacer.default\">\n\t\t\t\t<div class=\"elementor-widget-container\">\n\t\t\t\t\t<div class=\"elementor-spacer\">\n\t\t\t<div class=\"elementor-spacer-inner\"><\/div>\n\t\t<\/div>\n\t\t\t\t<\/div>\n\t\t\t\t<\/div>\n\t\t\t\t<div class=\"elementor-element elementor-element-02b07fb elementor-widget elementor-widget-heading\" data-id=\"02b07fb\" data-element_type=\"widget\" data-widget_type=\"heading.default\">\n\t\t\t\t<div class=\"elementor-widget-container\">\n\t\t\t<h2 class=\"elementor-heading-title elementor-size-default\">Detaylar<\/h2>\t\t<\/div>\n\t\t\t\t<\/div>\n\t\t\t\t<div class=\"elementor-element elementor-element-b6524ec elementor-widget elementor-widget-spacer\" data-id=\"b6524ec\" data-element_type=\"widget\" data-widget_type=\"spacer.default\">\n\t\t\t\t<div class=\"elementor-widget-container\">\n\t\t\t\t\t<div class=\"elementor-spacer\">\n\t\t\t<div class=\"elementor-spacer-inner\"><\/div>\n\t\t<\/div>\n\t\t\t\t<\/div>\n\t\t\t\t<\/div>\n\t\t\t\t\t<\/div>\n\t\t<\/div>\n\t\t\t\t\t<\/div>\n\t\t<\/section>\n\t\t<div class=\"elementor-element elementor-element-77200c8 e-flex e-con-boxed e-con e-parent\" data-id=\"77200c8\" data-element_type=\"container\">\n\t\t\t\t\t<div class=\"e-con-inner\">\n\t\t\t\t<div class=\"elementor-element elementor-element-7e66b0e elementor-widget elementor-widget-text-editor\" data-id=\"7e66b0e\" data-element_type=\"widget\" data-widget_type=\"text-editor.default\">\n\t\t\t\t<div class=\"elementor-widget-container\">\n\t\t\t\t\t\t\t<p>odalar<\/p>\t\t\t\t\t\t<\/div>\n\t\t\t\t<\/div>\n\t\t\t\t<div class=\"elementor-element elementor-element-2c7e329 elementor-align-left elementor-icon-list--layout-traditional elementor-list-item-link-full_width elementor-widget elementor-widget-icon-list\" data-id=\"2c7e329\" data-element_type=\"widget\" data-widget_type=\"icon-list.default\">\n\t\t\t\t<div class=\"elementor-widget-container\">\n\t\t\t\t\t<ul class=\"elementor-icon-list-items\">\n\t\t\t\t\t\t\t<li class=\"elementor-icon-list-item\">\n\t\t\t\t\t\t\t\t\t\t<span class=\"elementor-icon-list-text\">- Teruar\u2019\u0131n yedi odas\u0131, Pazartesi g\u00fcn\u00fc d\u0131\u015f\u0131nda her g\u00fcn ve t\u00fcm mevsimlerde misafirlerini a\u011f\u0131rl\u0131yor.<\/span>\n\t\t\t\t\t\t\t\t\t<\/li>\n\t\t\t\t\t\t\t\t<li class=\"elementor-icon-list-item\">\n\t\t\t\t\t\t\t\t\t\t<span class=\"elementor-icon-list-text\">- Oda rezervasyonlar\u0131m\u0131z 15 ya\u015f ve \u00fczeri misafirlerimiz i\u00e7in a\u00e7\u0131kt\u0131r.<\/span>\n\t\t\t\t\t\t\t\t\t<\/li>\n\t\t\t\t\t\t\t\t<li class=\"elementor-icon-list-item\">\n\t\t\t\t\t\t\t\t\t\t<span class=\"elementor-icon-list-text\">- Odalar\u0131m\u0131za evcil hayvan dostlar\u0131m\u0131z\u0131 kabul edemedi\u011fimizi \u00fcz\u00fclerek belirtiriz.<\/span>\n\t\t\t\t\t\t\t\t\t<\/li>\n\t\t\t\t\t\t\t\t<li class=\"elementor-icon-list-item\">\n\t\t\t\t\t\t\t\t\t\t<span class=\"elementor-icon-list-text\">- Odalar\u0131m\u0131zda ve otel alan\u0131ndaki t\u00fcm kapal\u0131 alanlar\u0131m\u0131zda sigara i\u00e7ilmemektedir.<\/span>\n\t\t\t\t\t\t\t\t\t<\/li>\n\t\t\t\t\t\t\t\t<li class=\"elementor-icon-list-item\">\n\t\t\t\t\t\t\t\t\t\t<span class=\"elementor-icon-list-text\">- Teruar\u2019\u0131n misafirlerine \u00f6zel a\u00e7\u0131k otopark alan\u0131m\u0131z bulunmaktad\u0131r.<\/span>\n\t\t\t\t\t\t\t\t\t<\/li>\n\t\t\t\t\t\t\t\t<li class=\"elementor-icon-list-item\">\n\t\t\t\t\t\t\t\t\t\t<span class=\"elementor-icon-list-text\">- T\u00fcm odalar\u0131m\u0131zda klima, mini bar, \u0131\u015f\u0131k ve ses izolasyonlu perdeler, hipoalerjenik yast\u0131k ve yatak \u00f6rt\u00fcleri ile mini hijyen seti mevcuttur. Misafirlerimiz g\u00fcnl\u00fck temizlik hizmetimizden yararlanmaktad\u0131r. T\u00fcm \u00f6zel ihtiya\u00e7 ve sorular\u0131n\u0131z i\u00e7in bizimle ileti\u015fime ge\u00e7ebilirsiniz.<\/span>\n\t\t\t\t\t\t\t\t\t<\/li>\n\t\t\t\t\t\t\t\t<li class=\"elementor-icon-list-item\">\n\t\t\t\t\t\t\t\t\t\t<span class=\"elementor-icon-list-text\">- Oda servisimiz, restoran\u0131m\u0131z\u0131n \u00e7al\u0131\u015fma saatleri i\u00e7inde ve aperatiflerle s\u0131n\u0131rl\u0131 olmak \u00fczere mevcuttur. Oda rezervasyonlar\u0131m\u0131z kahvalt\u0131 dahil olarak sa\u011flanmaktad\u0131r.<\/span>\n\t\t\t\t\t\t\t\t\t<\/li>\n\t\t\t\t\t\t\t\t<li class=\"elementor-icon-list-item\">\n\t\t\t\t\t\t\t\t\t\t<span class=\"elementor-icon-list-text\">- Otelimize giri\u015f saati 15:00, \u00e7\u0131k\u0131\u015f saati 11:30'dur. <\/span>\n\t\t\t\t\t\t\t\t\t<\/li>\n\t\t\t\t\t\t<\/ul>\n\t\t\t\t<\/div>\n\t\t\t\t<\/div>\n\t\t\t\t\t<\/div>\n\t\t\t\t<\/div>\n\t\t<div class=\"elementor-element elementor-element-f8ce2d2 e-flex e-con-boxed e-con e-parent\" data-id=\"f8ce2d2\" data-element_type=\"container\">\n\t\t\t\t\t<div class=\"e-con-inner\">\n\t\t\t\t<div class=\"elementor-element elementor-element-f697510 elementor-widget elementor-widget-text-editor\" data-id=\"f697510\" data-element_type=\"widget\" data-widget_type=\"text-editor.default\">\n\t\t\t\t<div class=\"elementor-widget-container\">\n\t\t\t\t\t\t\t<span style=\"text-decoration: underline;\"><span style=\"color: #000000;\"><a style=\"color: #000000; text-decoration: underline;\" href=\"\/odalar\/#detay\" target=\"_blank\" rel=\"noopener\">Odan\u0131z\u0131 Ay\u0131r\u0131n<\/a><\/span><\/span>\t\t\t\t\t\t<\/div>\n\t\t\t\t<\/div>\n\t\t\t\t<div class=\"elementor-element elementor-element-372db06 elementor-widget elementor-widget-text-editor\" data-id=\"372db06\" data-element_type=\"widget\" data-widget_type=\"text-editor.default\">\n\t\t\t\t<div class=\"elementor-widget-container\">\n\t\t\t\t\t\t\t<p>restoran<\/p>\t\t\t\t\t\t<\/div>\n\t\t\t\t<\/div>\n\t\t\t\t<div class=\"elementor-element elementor-element-79e062d elementor-align-left elementor-icon-list--layout-traditional elementor-list-item-link-full_width elementor-widget elementor-widget-icon-list\" data-id=\"79e062d\" data-element_type=\"widget\" data-widget_type=\"icon-list.default\">\n\t\t\t\t<div class=\"elementor-widget-container\">\n\t\t\t\t\t<ul class=\"elementor-icon-list-items\">\n\t\t\t\t\t\t\t<li class=\"elementor-icon-list-item\">\n\t\t\t\t\t\t\t\t\t\t<span class=\"elementor-icon-list-text\">- Teruar Urla, Pazartesi g\u00fcn\u00fc d\u0131\u015f\u0131nda her g\u00fcn ve t\u00fcm mevsimlerde misafirlerini a\u011f\u0131rl\u0131yor.  Restoran servisimiz Sal\u0131 g\u00fcn\u00fc 18:00 \u2013 23:00 saatleri aras\u0131ndad\u0131r. \u00c7ar\u015famba \u2013 Pazar g\u00fcnlerinde ise 14:00 \u2013 17:00 ile 18:00 \u2013 23:00 saatleri aras\u0131nda servis vermekteyiz.<\/span>\n\t\t\t\t\t\t\t\t\t<\/li>\n\t\t\t\t\t\t\t\t<li class=\"elementor-icon-list-item\">\n\t\t\t\t\t\t\t\t\t\t<span class=\"elementor-icon-list-text\">- Restoran\u0131m\u0131zda Cuma, Cumartesi ve Pazar ak\u015fam servislerimizde yaln\u0131zca tad\u0131m men\u00fcs\u00fc servisi verdi\u011fimizi belirtmek isteriz. <\/span>\n\t\t\t\t\t\t\t\t\t<\/li>\n\t\t\t\t\t\t\t\t<li class=\"elementor-icon-list-item\">\n\t\t\t\t\t\t\t\t\t\t<span class=\"elementor-icon-list-text\">- Teruar\u2019da en keyifli tad\u0131m deneyimini sunabilmemiz ad\u0131na tad\u0131m men\u00fcs\u00fc tercih edecek masalar\u0131m\u0131zdaki t\u00fcm misafirlerimizin tad\u0131m men\u00fcs\u00fc almas\u0131 gerekti\u011fini hat\u0131rlat\u0131r\u0131z. <\/span>\n\t\t\t\t\t\t\t\t\t<\/li>\n\t\t\t\t\t\t\t\t<li class=\"elementor-icon-list-item\">\n\t\t\t\t\t\t\t\t\t\t<span class=\"elementor-icon-list-text\">- \u00d6zel diyet ve alerjen ko\u015fullar\u0131n\u0131z\u0131 48 saat ve \u00f6ncesinde yap\u0131lan rezervasyonlar\u0131n\u0131zda belirtmeniz durumunda sizlere \u00f6zel haz\u0131rl\u0131klar\u0131m\u0131z\u0131 sa\u011flamaktay\u0131z.<\/span>\n\t\t\t\t\t\t\t\t\t<\/li>\n\t\t\t\t\t\t\t\t<li class=\"elementor-icon-list-item\">\n\t\t\t\t\t\t\t\t\t\t<span class=\"elementor-icon-list-text\">- Restoran\u0131m\u0131zda adisyona ek olarak %10 servis \u00fccreti eklenmektedir.<\/span>\n\t\t\t\t\t\t\t\t\t<\/li>\n\t\t\t\t\t\t\t\t<li class=\"elementor-icon-list-item\">\n\t\t\t\t\t\t\t\t\t\t<span class=\"elementor-icon-list-text\">- Masa rezervasyonlar\u0131m\u0131z 15 ya\u015f ve \u00fczeri misafirlerimiz i\u00e7in a\u00e7\u0131kt\u0131r.<\/span>\n\t\t\t\t\t\t\t\t\t<\/li>\n\t\t\t\t\t\t\t\t<li class=\"elementor-icon-list-item\">\n\t\t\t\t\t\t\t\t\t\t<span class=\"elementor-icon-list-text\">- Restoran\u0131m\u0131z\u0131n kapal\u0131 alan\u0131nda evcil hayvan dostlar\u0131m\u0131z\u0131 kabul edemedi\u011fimizi \u00fcz\u00fclerek belirtiriz.<\/span>\n\t\t\t\t\t\t\t\t\t<\/li>\n\t\t\t\t\t\t\t\t<li class=\"elementor-icon-list-item\">\n\t\t\t\t\t\t\t\t\t\t<span class=\"elementor-icon-list-text\">- Sizlere en iyi deneyimi sunabilmemiz ad\u0131na ambiyans\u0131m\u0131z ile paralel olmak \u00fczere t\u00fcm misafirlerimizin k\u0131yafet se\u00e7imlerinde spor \u015f\u0131k \u00e7izgide tercih yapmalar\u0131n\u0131 rica ediyoruz. Bu ba\u011flamda restoran\u0131m\u0131zda \u015fort, terlik, e\u015fofman gibi giysileri kabul edemedi\u011fimizi belirtmek isteriz.<\/span>\n\t\t\t\t\t\t\t\t\t<\/li>\n\t\t\t\t\t\t\t\t<li class=\"elementor-icon-list-item\">\n\t\t\t\t\t\t\t\t\t\t<span class=\"elementor-icon-list-text\">- \u00d6zel g\u00fcn sebebi ile d\u0131\u015far\u0131dan pasta gibi \u00fcretim ve saklama ko\u015fullar\u0131n\u0131 takip edemedi\u011fimiz \u00fcr\u00fcnleri kabul edememekteyiz. Ayn\u0131 \u015fekilde, restoran\u0131m\u0131z\u0131n ambiyans\u0131n\u0131 koruyabilmek ad\u0131na balon, s\u00fcs, aranjman gibi talepleri kabul edemedi\u011fimizi belirtmek isteriz.<\/span>\n\t\t\t\t\t\t\t\t\t<\/li>\n\t\t\t\t\t\t<\/ul>\n\t\t\t\t<\/div>\n\t\t\t\t<\/div>\n\t\t\t\t\t<\/div>\n\t\t\t\t<\/div>\n\t\t<div class=\"elementor-element elementor-element-1e0ec6d e-flex e-con-boxed e-con e-parent\" data-id=\"1e0ec6d\" data-element_type=\"container\">\n\t\t\t\t\t<div class=\"e-con-inner\">\n\t\t\t\t<div class=\"elementor-element elementor-element-4d16f85 elementor-widget elementor-widget-text-editor\" data-id=\"4d16f85\" data-element_type=\"widget\" data-widget_type=\"text-editor.default\">\n\t\t\t\t<div class=\"elementor-widget-container\">\n\t\t\t\t\t\t\t<p><span style=\"text-decoration: underline;\"><span style=\"color: #000000;\"><a style=\"color: #000000; text-decoration: underline;\" href=\"https:\/\/checkandplace.com\/public\/request\/teruar-urla\/teruar-urla\/restaurant?theme=#abb8c3\" target=\"_blank\" rel=\"noopener\">Masan\u0131z\u0131 Ay\u0131r\u0131n<\/a><br \/><\/span><\/span><br \/>Tesisimizde engelli misafirlerimiz i\u00e7in uygun olmayan alanlar bulunmaktad\u0131r. Size en iyi \u015fekilde hizmet verebilmemiz i\u00e7in l\u00fctfen bize telefon veya email ile ula\u015f\u0131n\u0131z.<\/p>\t\t\t\t\t\t<\/div>\n\t\t\t\t<\/div>\n\t\t\t\t\t<\/div>\n\t\t\t\t<\/div>\n\t\t\t\t<section class=\"elementor-section elementor-top-section elementor-element elementor-element-2b8b99a elementor-section-boxed elementor-section-height-default elementor-section-height-default\" data-id=\"2b8b99a\" data-element_type=\"section\">\n\t\t\t\t\t\t<div class=\"elementor-container elementor-column-gap-default\">\n\t\t\t\t\t<div class=\"elementor-column elementor-col-100 elementor-top-column elementor-element elementor-element-0486d95\" data-id=\"0486d95\" data-element_type=\"column\">\n\t\t\t<div class=\"elementor-widget-wrap elementor-element-populated\">\n\t\t\t\t\t\t<div class=\"elementor-element elementor-element-d48722e elementor-align-center elementor-widget elementor-widget-elementskit-button\" data-id=\"d48722e\" data-element_type=\"widget\" data-widget_type=\"elementskit-button.default\">\n\t\t\t\t<div class=\"elementor-widget-container\">\n\t\t\t<div class=\"ekit-wid-con\" >\t\t<div class=\"ekit-btn-wraper\">\n\t\t\t\t\t\t\t<a href=\"\/tr\/restoran\" class=\"elementskit-btn  whitespace--normal\" id=\"\">\n\t\t\t\t\trestoran<i class=\"icon icon-right-arrow2\"><\/i>\t\t\t\t<\/a>\n\t\t\t\t\t<\/div>\n        <\/div>\t\t<\/div>\n\t\t\t\t<\/div>\n\t\t\t\t<div class=\"elementor-element elementor-element-960a841 elementor-align-center elementor-widget elementor-widget-elementskit-button\" data-id=\"960a841\" data-element_type=\"widget\" data-widget_type=\"elementskit-button.default\">\n\t\t\t\t<div class=\"elementor-widget-container\">\n\t\t\t<div class=\"ekit-wid-con\" >\t\t<div class=\"ekit-btn-wraper\">\n\t\t\t\t\t\t\t<a href=\"\/tr\/onsoz\" class=\"elementskit-btn  whitespace--normal\" id=\"\">\n\t\t\t\t\t<i class=\"icon icon-left-arrow2\"><\/i>\u00f6ns\u00f6z\t\t\t\t<\/a>\n\t\t\t\t\t<\/div>\n        <\/div>\t\t<\/div>\n\t\t\t\t<\/div>\n\t\t\t\t\t<\/div>\n\t\t<\/div>\n\t\t\t\t\t<\/div>\n\t\t<\/section>\n\t\t\t\t<\/div>\n\t\t","protected":false},"excerpt":{"rendered":"<p>Detaylar odalar &#8211; Teruar\u2019\u0131n yedi odas\u0131, Pazartesi g\u00fcn\u00fc d\u0131\u015f\u0131nda her g\u00fcn ve t\u00fcm mevsimlerde misafirlerini a\u011f\u0131rl\u0131yor. &#8211; Oda rezervasyonlar\u0131m\u0131z 15 ya\u015f ve \u00fczeri misafirlerimiz i\u00e7in a\u00e7\u0131kt\u0131r. &#8211; Odalar\u0131m\u0131za evcil hayvan dostlar\u0131m\u0131z\u0131 kabul edemedi\u011fimizi \u00fcz\u00fclerek belirtiriz. &#8211; Odalar\u0131m\u0131zda ve otel alan\u0131ndaki t\u00fcm kapal\u0131 alanlar\u0131m\u0131zda sigara i\u00e7ilmemektedir. &#8211; Teruar\u2019\u0131n misafirlerine \u00f6zel a\u00e7\u0131k otopark alan\u0131m\u0131z bulunmaktad\u0131r. &#8211; T\u00fcm [&hellip;]<\/p>\n","protected":false},"author":1,"featured_media":0,"parent":0,"menu_order":0,"comment_status":"closed","ping_status":"closed","template":"","meta":{"inline_featured_image":false,"footnotes":""},"class_list":["post-2603","page","type-page","status-publish","hentry"],"_links":{"self":[{"href":"https:\/\/www.teruarurla.com\/tr\/wp-json\/wp\/v2\/pages\/2603"}],"collection":[{"href":"https:\/\/www.teruarurla.com\/tr\/wp-json\/wp\/v2\/pages"}],"about":[{"href":"https:\/\/www.teruarurla.com\/tr\/wp-json\/wp\/v2\/types\/page"}],"author":[{"embeddable":true,"href":"https:\/\/www.teruarurla.com\/tr\/wp-json\/wp\/v2\/users\/1"}],"replies":[{"embeddable":true,"href":"https:\/\/www.teruarurla.com\/tr\/wp-json\/wp\/v2\/comments?post=2603"}],"version-history":[{"count":9,"href":"https:\/\/www.teruarurla.com\/tr\/wp-json\/wp\/v2\/pages\/2603\/revisions"}],"predecessor-version":[{"id":6057,"href":"https:\/\/www.teruarurla.com\/tr\/wp-json\/wp\/v2\/pages\/2603\/revisions\/6057"}],"wp:attachment":[{"href":"https:\/\/www.teruarurla.com\/tr\/wp-json\/wp\/v2\/media?parent=2603"}],"curies":[{"name":"wp","href":"https:\/\/api.w.org\/{rel}","templated":true}]}}