{"id":3494,"date":"2024-02-06T13:21:31","date_gmt":"2024-02-06T13:21:31","guid":{"rendered":"https:\/\/www.teruarurla.com\/?page_id=3494"},"modified":"2025-06-23T07:29:15","modified_gmt":"2025-06-23T07:29:15","slug":"aydinlatma-metni","status":"publish","type":"page","link":"https:\/\/www.teruarurla.com\/tr\/aydinlatma-metni\/","title":{"rendered":"Ayd\u0131nlatma Metni"},"content":{"rendered":"\t\t<div data-elementor-type=\"wp-page\" data-elementor-id=\"3494\" class=\"elementor elementor-3494\">\n\t\t\t\t\t\t<section class=\"elementor-section elementor-top-section elementor-element elementor-element-86e2b22 elementor-section-boxed elementor-section-height-default elementor-section-height-default\" data-id=\"86e2b22\" data-element_type=\"section\" data-settings=\"{&quot;background_background&quot;:&quot;classic&quot;}\">\n\t\t\t\t\t\t<div class=\"elementor-container elementor-column-gap-extended\">\n\t\t\t\t\t<div class=\"elementor-column elementor-col-100 elementor-top-column elementor-element elementor-element-0b29772\" data-id=\"0b29772\" data-element_type=\"column\">\n\t\t\t<div class=\"elementor-widget-wrap elementor-element-populated\">\n\t\t\t\t\t\t<div class=\"elementor-element elementor-element-d1fddab elementor-widget elementor-widget-spacer\" data-id=\"d1fddab\" data-element_type=\"widget\" data-widget_type=\"spacer.default\">\n\t\t\t\t<div class=\"elementor-widget-container\">\n\t\t\t\t\t<div class=\"elementor-spacer\">\n\t\t\t<div class=\"elementor-spacer-inner\"><\/div>\n\t\t<\/div>\n\t\t\t\t<\/div>\n\t\t\t\t<\/div>\n\t\t\t\t<div class=\"elementor-element elementor-element-02b07fb elementor-widget elementor-widget-heading\" data-id=\"02b07fb\" data-element_type=\"widget\" data-widget_type=\"heading.default\">\n\t\t\t\t<div class=\"elementor-widget-container\">\n\t\t\t<h2 class=\"elementor-heading-title elementor-size-default\">Ayd\u0131nlatma Metni<\/h2>\t\t<\/div>\n\t\t\t\t<\/div>\n\t\t\t\t<div class=\"elementor-element elementor-element-b6524ec elementor-widget elementor-widget-spacer\" data-id=\"b6524ec\" data-element_type=\"widget\" data-widget_type=\"spacer.default\">\n\t\t\t\t<div class=\"elementor-widget-container\">\n\t\t\t\t\t<div class=\"elementor-spacer\">\n\t\t\t<div class=\"elementor-spacer-inner\"><\/div>\n\t\t<\/div>\n\t\t\t\t<\/div>\n\t\t\t\t<\/div>\n\t\t\t\t\t<\/div>\n\t\t<\/div>\n\t\t\t\t\t<\/div>\n\t\t<\/section>\n\t\t<div class=\"elementor-element elementor-element-59cedd1 e-flex e-con-boxed e-con e-parent\" data-id=\"59cedd1\" data-element_type=\"container\">\n\t\t\t\t\t<div class=\"e-con-inner\">\n\t\t\t\t<div class=\"elementor-element elementor-element-9aa1125 elementor-widget elementor-widget-text-editor\" data-id=\"9aa1125\" data-element_type=\"widget\" data-widget_type=\"text-editor.default\">\n\t\t\t\t<div class=\"elementor-widget-container\">\n\t\t\t\t\t\t\tOSM URLA GIDA TUR\u0130ZM SANAY\u0130 VE T\u0130CARET L\u0130M\u0130TED \u015e\u0130RKET\u0130 KVKK AYDINLATMA METN\u0130\t\t\t\t\t\t<\/div>\n\t\t\t\t<\/div>\n\t\t\t\t<div class=\"elementor-element elementor-element-86a8fc8 elementor-widget elementor-widget-text-editor\" data-id=\"86a8fc8\" data-element_type=\"widget\" data-widget_type=\"text-editor.default\">\n\t\t\t\t<div class=\"elementor-widget-container\">\n\t\t\t\t\t\t\t<ul><li>VER\u0130 SORUMLUSU<br \/>6698 say\u0131l\u0131 Ki\u015fisel Verilerin Korunmas\u0131 Kanunu (KVKK) uyar\u0131nca, veri sorumlusu s\u0131fat\u0131yla &#8220;OSM Urla G\u0131da Turizm Sanayi ve Ticaret Limited \u015eirketi&#8221;<\/li><li>K\u0130\u015e\u0130SEL VER\u0130LER\u0130N \u0130\u015eLENME AMA\u00c7LARI<br \/>M\u00fc\u015fterilerimizin kimlik bilgileri (ad\u0131 soyad\u0131, uyru\u011fu, TC kimlik\/pasaport numaras\u0131, do\u011fum yeri, do\u011fum tarihi, n\u00fcfusa kay\u0131tl\u0131 oldu\u011fu yer bilgileri, ana-baba ad\u0131, medeni hali, cinsiyeti, kimlik belgesinde yer alan di\u011fer bilgiler) ve <strong>ileti\u015fim bilgileri <\/strong>(adresi, telefon numaras\u0131, e-posta adresi);<br \/>1.Bilgi g\u00fcvenli\u011fi s\u00fcre\u00e7lerinin y\u00fcr\u00fct\u00fclmesi,<br \/>2.Faaliyetlerin mevzuata uygun y\u00fcr\u00fct\u00fclmesi,<br \/>3.\u0130\u015f faaliyetlerinin y\u00fcr\u00fct\u00fclmesi\/denetimi,<br \/>4.Y\u00f6netim faaliyetlerinin y\u00fcr\u00fct\u00fclmesi,<br \/>5.Pazarlama Operasyonlar\u0131n\u0131n Y\u00fcr\u00fct\u00fclmesi,<br \/>6.Hukuki, teknik ve idari sonucu olan faaliyetlerin ger\u00e7ekle\u015ftirilmesi.<br \/>7.Yetkili ki\u015fi. kurum ve kurulu\u015flara bilgi verilmesi ama\u00e7lar\u0131yla s\u0131n\u0131rl\u0131 olarak i\u015flenmektedir.<\/li><li>M\u00fc\u015fterilerimizin finansal bilgileri (<em>\u00f6demenin banka kart\u0131 ile yap\u0131lmas\u0131 halinde kart bilgileri<\/em>) ise finans ve muhasebe i\u015flerinin y\u00fcr\u00fct\u00fclmesi amac\u0131yla s\u0131n\u0131rl\u0131 olarak i\u015flenmektedir<\/li><li>Fiziksel mek\u00e2n g\u00fcvenli\u011fine ili\u015fkin bilgiler (<em>M\u00fc\u015fterilerimizin tesis giri\u015f \u00e7\u0131k\u0131\u015f tarih ve saat bilgiler, plaka numaralar\u0131 ve konaklama ya da ba\u015fka nedenlerle tesislerimizi kullanan ki\u015filerin \u00f6zel alanlar d\u0131\u015f\u0131ndaki ortak alanlarda g\u00f6r\u00fcnt\u00fc kayd\u0131na ait ki\u015fisel verileri<\/em>);<br \/>1.Fiziksel mek\u00e2n g\u00fcvenli\u011finin sa\u011flanmas\u0131,<br \/>2.Veri sorumlusu operasyonlar\u0131n\u0131n g\u00fcvenli\u011finin sa\u011flanmas\u0131,<br \/>3.Gerekti\u011fi hallerde yetkili mercilere bilgi verilmesi ama\u00e7lar\u0131yla s\u0131n\u0131rl\u0131 olarak i\u015flenmektedir.<\/li><li>\u0130\u015flem g\u00fcvenli\u011fine ili\u015fkin bilgiler (wifi \u00fczerinden internete ba\u011flanan m\u00fc\u015fterilerimizin IP adres bilgileri, internet sitesi giri\u015f \u00e7\u0131k\u0131\u015f bilgileri);<br \/>1.Bilgi g\u00fcvenli\u011fi s\u00fcre\u00e7lerinin y\u00fcr\u00fct\u00fclmesi,<br \/>2.Veri sorumlusu operasyonlar\u0131n\u0131n g\u00fcvenli\u011finin temini ama\u00e7lar\u0131yla s\u0131n\u0131rl\u0131 olarak i\u015flenmektedir.<\/li><li>Veri sorumlusuna ait web sitesi (www.teruarurla.com) \u00fczerinden elde edilen bilgiler (<em>web sitesini ziyaret eden kullan\u0131c\u0131lar\u0131n, pazarlama amac\u0131yla al\u0131\u015fveri\u015f al\u0131\u015fkanl\u0131klar\u0131 ve m\u00fc\u015fteri be\u011fenilerini g\u00f6steren \u00e7erez (cookie) bilgileri ve web sitesi \u00fczerinden ileti\u015fim formunu dolduran ki\u015filerin ise ad\u0131 soyad\u0131 ve e-posta adresi bilgileri<\/em>);<br \/>1.M\u00fc\u015fteri ili\u015fkileri y\u00f6netimi s\u00fcre\u00e7lerinin y\u00fcr\u00fct\u00fclmesi,<br \/>2.Reklam, kampanya ve promosyon s\u00fcre\u00e7lerinin y\u00fcr\u00fct\u00fclmesi,<br \/>3.Pazarlama analiz \u00e7al\u0131\u015fmalar\u0131n\u0131n y\u00fcr\u00fct\u00fclmesi,<br \/>4.Talep ve \u015fikayetlerin takibi ama\u00e7lar\u0131 ile s\u0131n\u0131rl\u0131 olarak kaydedilmektedir,<\/li><li>K\u0130\u015e\u0130SEL VER\u0130LER\u0130N TOPLANMA Y\u00d6NTEM\u0130<br \/>Bu ki\u015fisel veriler, yukar\u0131da belirtilen hukuki sebeplere dayal\u0131 olarak formlar, web sitesi, g\u00fcvenlik kameralar\u0131 ya da bilgisayar programlar\u0131 arac\u0131l\u0131\u011f\u0131yla, k\u0131smen otomatik veya otomatik yollarla i\u015flenmektedir<\/li><li>K\u0130\u015e\u0130SEL VER\u0130LER\u0130N AKTARILMASI<br \/>Ki\u015fisel verileriniz, kanunlar ve sair mevzuat kapsam\u0131nda ve a\u00e7\u0131klanan ama\u00e7lar do\u011frultusunda ve amac\u0131n gerektirdi\u011fi \u00f6l\u00e7\u00fcde \u015eirket nam ve hesab\u0131na faaliyette bulunan yetkili \u015firketler ve temsilcilere, d\u00fczenleyici ve denetleyici kurumlara, ki\u015fisel verilerinizi tabi oldu\u011fu kanunlar\u0131nda a\u00e7\u0131k\u00e7a talep etmeye yetkili olan kamu kurum veya kurulu\u015flara, yasal takip s\u00fcre\u00e7leri ile ilgili zorunlu ki\u015filere,\u00a0 kurum ve kurulu\u015flara ve denetimcilere, pazarlama ve reklam faaliyeti gibi dan\u0131\u015fmanl\u0131k ald\u0131\u011f\u0131m\u0131z \u00fc\u00e7\u00fcnc\u00fc ki\u015filere, yurt i\u00e7inde, yukar\u0131da belirtilen ama\u00e7larla i\u015f ortaklar\u0131, hizmet al\u0131nan \u00fc\u00e7\u00fcnc\u00fc ki\u015fi, yetkilendirilen ki\u015fi ve kurulu\u015flara aktar\u0131labilecektir. Ek olarak belirtmek isteriz ki; ki\u015fisel verileriniz, ilgili mevzuat uyar\u0131nca yasal y\u00fck\u00fcml\u00fcl\u00fcklerin yerine getirebilmesi amac\u0131yla, gerekmesi veya talep gelmesi halinde, ilgili kamu kurum ve kurulu\u015flar\u0131 ile ilgili ki\u015finin a\u00e7\u0131k r\u0131zas\u0131 aranmaks\u0131z\u0131n payla\u015f\u0131labilecektir. Yine ki\u015fisel verileriniz hukuki s\u00fcr\u00e7lerin takip edilebilmesi amac\u0131yla avukatlar\u0131m\u0131z ile s\u0131r saklama y\u00fck\u00fcml\u00fcl\u00fc\u011f\u00fc \u00e7er\u00e7evesinde gerekti\u011fi kadar payla\u015f\u0131labilecektir. \u0130\u015flenen t\u00fcm ki\u015fisel veriler KVKK h\u00fck\u00fcmlerine uygun idari ve teknik tedbirlerin al\u0131nmas\u0131 suretiyle muhafaza edilmektedir.<\/li><li>K\u0130\u015e\u0130SEL VER\u0130 SAH\u0130B\u0130N\u0130N (\u0130LG\u0130L\u0130 K\u0130\u015e\u0130N\u0130N) HAKLARI<br \/>Kanunun \u201cilgili ki\u015finin haklar\u0131n\u0131 d\u00fczenleyen\u201d 11.Maddesi kapsam\u0131nda veri sorumlusuna ba\u015fvurarak kendisiyle ilgili;<br \/>1.Ki\u015fisel beri i\u015flenip i\u015flenmedi\u011fini \u00f6\u011frenme,<br \/>2.Ki\u015fisel veri i\u015flenmi\u015fse buna ili\u015fkin bilgi talep etme,<br \/>3.Ki\u015fisel verilerin i\u015flenme amac\u0131n\u0131 ve bunlar\u0131n amac\u0131na uygun kullan\u0131l\u0131p kullan\u0131lmad\u0131\u011f\u0131n\u0131 \u00f6\u011frenme,<br \/>4.Yurt i\u00e7inde veya yurt d\u0131\u015f\u0131nda ki\u015fisel verilerin aktar\u0131ld\u0131\u011f\u0131 \u00fc\u00e7\u00fcnc\u00fc ki\u015filerin bilme,<br \/>5.Ki\u015fisel verilerin eksik veya yanl\u0131\u015f i\u015flenmi\u015f olmas\u0131 halinde bunlar\u0131n d\u00fczeltilmesini isteme,<br \/>6. Kanunun 7.maddesinde belirtilen \u015fartlar \u00e7er\u00e7evesinde ki\u015fisel verilerin silinmesini veya yok edilmesini isteme,<br \/>7.(d) ve (e) bentleri uyar\u0131nca yap\u0131lan i\u015flemlerin, ki\u015fisel verilerin aktar\u0131ld\u0131\u011f\u0131 \u00fc\u00e7\u00fcnc\u00fc ki\u015filere bildirilmesini isteme,<br \/>8.\u0130\u015flenen ki\u015fisel verilerin m\u00fcnhas\u0131ran otomatik sistemler vas\u0131tas\u0131yla analiz edilmesi suretiyle kendi aleyhinize bir sonucun ortaya \u00e7\u0131kmas\u0131na itiraz etme,<br \/>9.Ki\u015fisel verilerin kanuna ayk\u0131r\u0131 olarak i\u015flenmesi sebebiyle zarara u\u011framas\u0131 halinde zarar\u0131n giderilmesini talep etme haklar\u0131na sahiptir.<br \/>\u201c Veri Sorumlusuna Va\u015fvuru Usul ve Esaslar\u0131 Hakk\u0131nda Tebli\u011f Uyar\u0131nca\u201d;<\/li><li>Veri sahipleri bu taleplerini T\u00fcrk\u00e7e olarak iletmek zorundad\u0131r.<\/li><li>Taleplerin yaz\u0131l\u0131 olarak veya kay\u0131tl\u0131 elektronik posta (KEP) adresi arac\u0131l\u0131\u011f\u0131yla ya da ilgili ki\u015fi taraf\u0131ndan veri sorumlusuna daha \u00f6nce bildirilen ve veri sorumlusunun sisteminde kay\u0131tl\u0131 bulunan elektronik posta adresinin kullan\u0131lmas\u0131 suretiyle iletilmesi gerekmektedir.<\/li><li>Ba\u015fvurular yukar\u0131da an\u0131lan tebli\u011fin 5.Maddesinin 2.F\u0131kras\u0131nda say\u0131lan zorunlu unsurlar\u0131 bar\u0131nd\u0131rmal\u0131d\u0131r. Aksi takdirde yap\u0131lacak ba\u015fvurular de\u011ferlendirmeye al\u0131nmayacakt\u0131r.<\/li><li>VER\u0130 SORUMLUSU \u0130LET\u0130\u015e\u0130M B\u0130LG\u0130LER\u0130<br \/>Yaz\u0131l\u0131 Ba\u015fvuru \u0130\u00e7in Adres : Ku\u015f\u00e7ular Mah. 8028. Sk. No:16\/2 Urla \/ \u0130zmir <br \/>E-Posta : <a href=\"mailto:info@teruarurla.com\">info@teruarurla.com<\/a> <br \/>Tel : <a href=\"tel:2329900102\">+90 232 990 01 02<\/a><\/li><\/ul>\t\t\t\t\t\t<\/div>\n\t\t\t\t<\/div>\n\t\t\t\t\t<\/div>\n\t\t\t\t<\/div>\n\t\t\t\t<section class=\"elementor-section elementor-top-section elementor-element elementor-element-2b8b99a elementor-section-boxed elementor-section-height-default elementor-section-height-default\" data-id=\"2b8b99a\" data-element_type=\"section\">\n\t\t\t\t\t\t<div class=\"elementor-container elementor-column-gap-default\">\n\t\t\t\t\t<div class=\"elementor-column elementor-col-100 elementor-top-column elementor-element elementor-element-0486d95\" data-id=\"0486d95\" data-element_type=\"column\">\n\t\t\t<div class=\"elementor-widget-wrap elementor-element-populated\">\n\t\t\t\t\t\t<div class=\"elementor-element elementor-element-d48722e elementor-align-center elementor-widget elementor-widget-elementskit-button\" data-id=\"d48722e\" data-element_type=\"widget\" data-widget_type=\"elementskit-button.default\">\n\t\t\t\t<div class=\"elementor-widget-container\">\n\t\t\t<div class=\"ekit-wid-con\" >\t\t<div class=\"ekit-btn-wraper\">\n\t\t\t\t\t\t\t<a href=\"\/restoran\" class=\"elementskit-btn  whitespace--normal\" id=\"\">\n\t\t\t\t\trestoran<i class=\"icon icon-right-arrow2\"><\/i>\t\t\t\t<\/a>\n\t\t\t\t\t<\/div>\n        <\/div>\t\t<\/div>\n\t\t\t\t<\/div>\n\t\t\t\t<div class=\"elementor-element elementor-element-960a841 elementor-align-center elementor-widget elementor-widget-elementskit-button\" data-id=\"960a841\" data-element_type=\"widget\" data-widget_type=\"elementskit-button.default\">\n\t\t\t\t<div class=\"elementor-widget-container\">\n\t\t\t<div class=\"ekit-wid-con\" >\t\t<div class=\"ekit-btn-wraper\">\n\t\t\t\t\t\t\t<a href=\"\/onsoz\" class=\"elementskit-btn  whitespace--normal\" id=\"\">\n\t\t\t\t\t<i class=\"icon icon-left-arrow2\"><\/i>\u00f6ns\u00f6z\t\t\t\t<\/a>\n\t\t\t\t\t<\/div>\n        <\/div>\t\t<\/div>\n\t\t\t\t<\/div>\n\t\t\t\t\t<\/div>\n\t\t<\/div>\n\t\t\t\t\t<\/div>\n\t\t<\/section>\n\t\t\t\t<\/div>\n\t\t","protected":false},"excerpt":{"rendered":"<p>Ayd\u0131nlatma Metni OSM URLA GIDA TUR\u0130ZM SANAY\u0130 VE T\u0130CARET L\u0130M\u0130TED \u015e\u0130RKET\u0130 KVKK AYDINLATMA METN\u0130 VER\u0130 SORUMLUSU6698 say\u0131l\u0131 Ki\u015fisel Verilerin Korunmas\u0131 Kanunu (KVKK) uyar\u0131nca, veri sorumlusu s\u0131fat\u0131yla &#8220;OSM Urla G\u0131da Turizm Sanayi ve Ticaret Limited \u015eirketi&#8221; K\u0130\u015e\u0130SEL VER\u0130LER\u0130N \u0130\u015eLENME AMA\u00c7LARIM\u00fc\u015fterilerimizin kimlik bilgileri (ad\u0131 soyad\u0131, uyru\u011fu, TC kimlik\/pasaport numaras\u0131, do\u011fum yeri, do\u011fum tarihi, n\u00fcfusa kay\u0131tl\u0131 oldu\u011fu yer [&hellip;]<\/p>\n","protected":false},"author":1,"featured_media":0,"parent":0,"menu_order":0,"comment_status":"closed","ping_status":"closed","template":"","meta":{"inline_featured_image":false,"footnotes":""},"class_list":["post-3494","page","type-page","status-publish","hentry"],"_links":{"self":[{"href":"https:\/\/www.teruarurla.com\/tr\/wp-json\/wp\/v2\/pages\/3494"}],"collection":[{"href":"https:\/\/www.teruarurla.com\/tr\/wp-json\/wp\/v2\/pages"}],"about":[{"href":"https:\/\/www.teruarurla.com\/tr\/wp-json\/wp\/v2\/types\/page"}],"author":[{"embeddable":true,"href":"https:\/\/www.teruarurla.com\/tr\/wp-json\/wp\/v2\/users\/1"}],"replies":[{"embeddable":true,"href":"https:\/\/www.teruarurla.com\/tr\/wp-json\/wp\/v2\/comments?post=3494"}],"version-history":[{"count":1,"href":"https:\/\/www.teruarurla.com\/tr\/wp-json\/wp\/v2\/pages\/3494\/revisions"}],"predecessor-version":[{"id":5755,"href":"https:\/\/www.teruarurla.com\/tr\/wp-json\/wp\/v2\/pages\/3494\/revisions\/5755"}],"wp:attachment":[{"href":"https:\/\/www.teruarurla.com\/tr\/wp-json\/wp\/v2\/media?parent=3494"}],"curies":[{"name":"wp","href":"https:\/\/api.w.org\/{rel}","templated":true}]}}