{"id":5764,"date":"2025-07-09T09:12:20","date_gmt":"2025-07-09T09:12:20","guid":{"rendered":"https:\/\/www.teruarurla.com\/?page_id=5764"},"modified":"2026-04-30T07:55:18","modified_gmt":"2026-04-30T07:55:18","slug":"menu","status":"publish","type":"page","link":"https:\/\/www.teruarurla.com\/tr\/menu\/","title":{"rendered":"Men\u00fc"},"content":{"rendered":"<!-- Added by Post\/Page specific custom CSS plugin, thank you for using! -->\n<style>@media only screen and (min-width: 768px) and (max-width: 1024px) {\r\n\r\n.elementor:not(.elementor-bc-flex-widget) .elementor-widget-wrap {\r\n    display: block;\r\n}\r\n.elementor-element.elementor-element-5d95047.elementor-widget.elementor-widget-text-editor {\r\n    display: none;\r\n}\r\nimg.attachment-full.size-full.wp-image-1181 {\r\n    width: 35px !important;\r\n   display: block  !important;\r\n}\r\n}<\/style>\n\t\t<div data-elementor-type=\"wp-page\" data-elementor-id=\"5764\" class=\"elementor elementor-5764\">\n\t\t\t\t\t\t<section class=\"elementor-section elementor-top-section elementor-element elementor-element-57dc4b6 elementor-section-boxed elementor-section-height-default elementor-section-height-default\" data-id=\"57dc4b6\" data-element_type=\"section\" data-settings=\"{&quot;background_background&quot;:&quot;classic&quot;}\">\n\t\t\t\t\t\t<div class=\"elementor-container elementor-column-gap-extended\">\n\t\t\t\t\t<div class=\"elementor-column elementor-col-100 elementor-top-column elementor-element elementor-element-e5afb40\" data-id=\"e5afb40\" data-element_type=\"column\">\n\t\t\t<div class=\"elementor-widget-wrap elementor-element-populated\">\n\t\t\t\t\t\t<div class=\"elementor-element elementor-element-fd2cda9 elementor-widget elementor-widget-spacer\" data-id=\"fd2cda9\" data-element_type=\"widget\" data-widget_type=\"spacer.default\">\n\t\t\t\t<div class=\"elementor-widget-container\">\n\t\t\t\t\t<div class=\"elementor-spacer\">\n\t\t\t<div class=\"elementor-spacer-inner\"><\/div>\n\t\t<\/div>\n\t\t\t\t<\/div>\n\t\t\t\t<\/div>\n\t\t\t\t<div class=\"elementor-element elementor-element-11a41a1 elementor-widget elementor-widget-heading\" data-id=\"11a41a1\" data-element_type=\"widget\" data-widget_type=\"heading.default\">\n\t\t\t\t<div class=\"elementor-widget-container\">\n\t\t\t<h2 class=\"elementor-heading-title elementor-size-default\">Men\u00fc<\/h2>\t\t<\/div>\n\t\t\t\t<\/div>\n\t\t\t\t<div class=\"elementor-element elementor-element-b6ac82b elementor-widget elementor-widget-spacer\" data-id=\"b6ac82b\" data-element_type=\"widget\" data-widget_type=\"spacer.default\">\n\t\t\t\t<div class=\"elementor-widget-container\">\n\t\t\t\t\t<div class=\"elementor-spacer\">\n\t\t\t<div class=\"elementor-spacer-inner\"><\/div>\n\t\t<\/div>\n\t\t\t\t<\/div>\n\t\t\t\t<\/div>\n\t\t\t\t\t<\/div>\n\t\t<\/div>\n\t\t\t\t\t<\/div>\n\t\t<\/section>\n\t\t<div class=\"elementor-element elementor-element-d0b1190 e-flex e-con-boxed e-con e-parent\" data-id=\"d0b1190\" data-element_type=\"container\">\n\t\t\t\t\t<div class=\"e-con-inner\">\n\t\t<div class=\"elementor-element elementor-element-5d65803 e-con-full e-flex e-con e-child\" data-id=\"5d65803\" data-element_type=\"container\">\n\t\t\t\t<div class=\"elementor-element elementor-element-3ae1036 elementor-align-left elementor-align--mobilecenter elementor-widget elementor-widget-elementskit-button\" data-id=\"3ae1036\" data-element_type=\"widget\" data-widget_type=\"elementskit-button.default\">\n\t\t\t\t<div class=\"elementor-widget-container\">\n\t\t\t<div class=\"ekit-wid-con\" >\t\t<div class=\"ekit-btn-wraper\">\n\t\t\t\t\t\t\t<a href=\"#\" class=\"elementskit-btn  whitespace--normal\" id=\"\">\n\t\t\t\t\ttad\u0131m &gt;\t\t\t\t<\/a>\n\t\t\t\t\t<\/div>\n        <\/div>\t\t<\/div>\n\t\t\t\t<\/div>\n\t\t\t\t<\/div>\n\t\t<div class=\"elementor-element elementor-element-f0ce7f9 e-con-full e-flex e-con e-child\" data-id=\"f0ce7f9\" data-element_type=\"container\">\n\t\t\t\t<div class=\"elementor-element elementor-element-6f4dd64 elementor-align-left elementor-align--mobilecenter elementor-widget elementor-widget-elementskit-button\" data-id=\"6f4dd64\" data-element_type=\"widget\" data-widget_type=\"elementskit-button.default\">\n\t\t\t\t<div class=\"elementor-widget-container\">\n\t\t\t<div class=\"ekit-wid-con\" >\t\t<div class=\"ekit-btn-wraper\">\n\t\t\t\t\t\t\t<a href=\"#\" class=\"elementskit-btn  whitespace--normal\" id=\"\">\n\t\t\t\t\tvejetaryen tad\u0131m &gt;\t\t\t\t<\/a>\n\t\t\t\t\t<\/div>\n        <\/div>\t\t<\/div>\n\t\t\t\t<\/div>\n\t\t\t\t<\/div>\n\t\t<div class=\"elementor-element elementor-element-6be7f01 e-con-full e-flex e-con e-child\" data-id=\"6be7f01\" data-element_type=\"container\">\n\t\t\t\t<div class=\"elementor-element elementor-element-52f2c20 elementor-align-left elementor-align--mobilecenter elementor-widget elementor-widget-elementskit-button\" data-id=\"52f2c20\" data-element_type=\"widget\" data-widget_type=\"elementskit-button.default\">\n\t\t\t\t<div class=\"elementor-widget-container\">\n\t\t\t<div class=\"ekit-wid-con\" >\t\t<div class=\"ekit-btn-wraper\">\n\t\t\t\t\t\t\t<a href=\"#\" class=\"elementskit-btn  whitespace--normal\" id=\"\">\n\t\t\t\t\t\u00e0 la carte &gt;\t\t\t\t<\/a>\n\t\t\t\t\t<\/div>\n        <\/div>\t\t<\/div>\n\t\t\t\t<\/div>\n\t\t\t\t<\/div>\n\t\t\t\t\t<\/div>\n\t\t\t\t<\/div>\n\t\t\t\t<\/div>\n\t\t","protected":false},"excerpt":{"rendered":"<p>Men\u00fc tad\u0131m &gt; vejetaryen tad\u0131m &gt; \u00e0 la carte &gt;<\/p>\n","protected":false},"author":1,"featured_media":0,"parent":0,"menu_order":0,"comment_status":"closed","ping_status":"closed","template":"","meta":{"inline_featured_image":false,"footnotes":""},"class_list":["post-5764","page","type-page","status-publish","hentry"],"_links":{"self":[{"href":"https:\/\/www.teruarurla.com\/tr\/wp-json\/wp\/v2\/pages\/5764"}],"collection":[{"href":"https:\/\/www.teruarurla.com\/tr\/wp-json\/wp\/v2\/pages"}],"about":[{"href":"https:\/\/www.teruarurla.com\/tr\/wp-json\/wp\/v2\/types\/page"}],"author":[{"embeddable":true,"href":"https:\/\/www.teruarurla.com\/tr\/wp-json\/wp\/v2\/users\/1"}],"replies":[{"embeddable":true,"href":"https:\/\/www.teruarurla.com\/tr\/wp-json\/wp\/v2\/comments?post=5764"}],"version-history":[{"count":25,"href":"https:\/\/www.teruarurla.com\/tr\/wp-json\/wp\/v2\/pages\/5764\/revisions"}],"predecessor-version":[{"id":6115,"href":"https:\/\/www.teruarurla.com\/tr\/wp-json\/wp\/v2\/pages\/5764\/revisions\/6115"}],"wp:attachment":[{"href":"https:\/\/www.teruarurla.com\/tr\/wp-json\/wp\/v2\/media?parent=5764"}],"curies":[{"name":"wp","href":"https:\/\/api.w.org\/{rel}","templated":true}]}}