{"id":76,"date":"2023-12-13T15:13:03","date_gmt":"2023-12-13T15:13:03","guid":{"rendered":"https:\/\/www.teruarurla.com\/?page_id=76"},"modified":"2026-04-02T11:02:09","modified_gmt":"2026-04-02T11:02:09","slug":"restoran","status":"publish","type":"page","link":"https:\/\/www.teruarurla.com\/tr\/restoran\/","title":{"rendered":"Restoran"},"content":{"rendered":"<!-- Added by Post\/Page specific custom CSS plugin, thank you for using! -->\n<style>@media only screen and (min-width: 768px) and (max-width: 1024px) {\r\n\r\n.elementor:not(.elementor-bc-flex-widget) .elementor-widget-wrap {\r\n    display: block;\r\n}\r\n.elementor-element.elementor-element-5d95047.elementor-widget.elementor-widget-text-editor {\r\n    display: none;\r\n}\r\nimg.attachment-full.size-full.wp-image-1181 {\r\n    width: 35px !important;\r\n   display: block  !important;\r\n}\r\n}<\/style>\n\t\t<div data-elementor-type=\"wp-page\" data-elementor-id=\"76\" class=\"elementor elementor-76\">\n\t\t\t\t\t\t<section class=\"elementor-section elementor-top-section elementor-element elementor-element-57dc4b6 elementor-section-boxed elementor-section-height-default elementor-section-height-default\" data-id=\"57dc4b6\" data-element_type=\"section\" data-settings=\"{&quot;background_background&quot;:&quot;classic&quot;}\">\n\t\t\t\t\t\t<div class=\"elementor-container elementor-column-gap-extended\">\n\t\t\t\t\t<div class=\"elementor-column elementor-col-100 elementor-top-column elementor-element elementor-element-e5afb40\" data-id=\"e5afb40\" data-element_type=\"column\">\n\t\t\t<div class=\"elementor-widget-wrap elementor-element-populated\">\n\t\t\t\t\t\t<div class=\"elementor-element elementor-element-fd2cda9 elementor-widget elementor-widget-spacer\" data-id=\"fd2cda9\" data-element_type=\"widget\" data-widget_type=\"spacer.default\">\n\t\t\t\t<div class=\"elementor-widget-container\">\n\t\t\t\t\t<div class=\"elementor-spacer\">\n\t\t\t<div class=\"elementor-spacer-inner\"><\/div>\n\t\t<\/div>\n\t\t\t\t<\/div>\n\t\t\t\t<\/div>\n\t\t\t\t<div class=\"elementor-element elementor-element-11a41a1 elementor-widget elementor-widget-heading\" data-id=\"11a41a1\" data-element_type=\"widget\" data-widget_type=\"heading.default\">\n\t\t\t\t<div class=\"elementor-widget-container\">\n\t\t\t<h2 class=\"elementor-heading-title elementor-size-default\">Restoran<\/h2>\t\t<\/div>\n\t\t\t\t<\/div>\n\t\t\t\t<div class=\"elementor-element elementor-element-b6ac82b elementor-widget elementor-widget-spacer\" data-id=\"b6ac82b\" data-element_type=\"widget\" data-widget_type=\"spacer.default\">\n\t\t\t\t<div class=\"elementor-widget-container\">\n\t\t\t\t\t<div class=\"elementor-spacer\">\n\t\t\t<div class=\"elementor-spacer-inner\"><\/div>\n\t\t<\/div>\n\t\t\t\t<\/div>\n\t\t\t\t<\/div>\n\t\t\t\t\t<\/div>\n\t\t<\/div>\n\t\t\t\t\t<\/div>\n\t\t<\/section>\n\t\t<div class=\"elementor-element elementor-element-3d1b5ff e-flex e-con-boxed e-con e-parent\" data-id=\"3d1b5ff\" data-element_type=\"container\">\n\t\t\t\t\t<div class=\"e-con-inner\">\n\t\t\t\t<div class=\"elementor-element elementor-element-6d24f51 elementor-widget elementor-widget-text-editor\" data-id=\"6d24f51\" data-element_type=\"widget\" data-widget_type=\"text-editor.default\">\n\t\t\t\t<div class=\"elementor-widget-container\">\n\t\t\t\t\t\t\td\u00f6n\u00fc\u015f\u00fcm noktas\u0131.\t\t\t\t\t\t<\/div>\n\t\t\t\t<\/div>\n\t\t\t\t<div class=\"elementor-element elementor-element-ea81e53 elementor-widget elementor-widget-text-editor\" data-id=\"ea81e53\" data-element_type=\"widget\" data-widget_type=\"text-editor.default\">\n\t\t\t\t<div class=\"elementor-widget-container\">\n\t\t\t\t\t\t\t<p class=\"BodyA\"><span lang=\"DE\">Restoran, topra\u011f\u0131n ve suyun verdiklerini bir araya getirme alan\u0131. Teruar\u2019\u0131n kalbi olan bu alanda tek amac\u0131m\u0131z, bu co\u011frafyay\u0131 t\u00fcm d\u00fcr\u00fcstl\u00fc\u011f\u00fcyle sunabilmek. <\/span><\/p>\t\t\t\t\t\t<\/div>\n\t\t\t\t<\/div>\n\t\t\t\t\t<\/div>\n\t\t\t\t<\/div>\n\t\t<div class=\"elementor-element elementor-element-781b441 e-flex e-con-boxed e-con e-parent\" data-id=\"781b441\" data-element_type=\"container\">\n\t\t\t\t\t<div class=\"e-con-inner\">\n\t\t<div class=\"elementor-element elementor-element-b09ccab e-con-full e-flex e-con e-child\" data-id=\"b09ccab\" data-element_type=\"container\">\n\t\t\t\t<div class=\"elementor-element elementor-element-997920b elementor-widget elementor-widget-image\" data-id=\"997920b\" data-element_type=\"widget\" data-widget_type=\"image.default\">\n\t\t\t\t<div class=\"elementor-widget-container\">\n\t\t\t\t\t\t\t\t\t\t\t\t\t<img decoding=\"async\" src=\"https:\/\/www.teruarurla.com\/wp-content\/uploads\/elementor\/thumbs\/restoran-ilk-r9ykfdlip79rnxozlt6sq28k024e1t36gb677tp26w.jpg\" title=\"restoran-ilk\" alt=\"restoran-ilk\" loading=\"lazy\" \/>\t\t\t\t\t\t\t\t\t\t\t\t\t<\/div>\n\t\t\t\t<\/div>\n\t\t\t\t<\/div>\n\t\t<div class=\"elementor-element elementor-element-eb88158 e-con-full e-flex e-con e-child\" data-id=\"eb88158\" data-element_type=\"container\">\n\t\t\t\t<div class=\"elementor-element elementor-element-7af9161 elementor-widget elementor-widget-image\" data-id=\"7af9161\" data-element_type=\"widget\" data-widget_type=\"image.default\">\n\t\t\t\t<div class=\"elementor-widget-container\">\n\t\t\t\t\t\t\t\t\t\t\t\t\t<img decoding=\"async\" src=\"https:\/\/www.teruarurla.com\/wp-content\/uploads\/elementor\/thumbs\/restoran-2-r9ykfl487vk28te2dwfta0c8r53brdx15ce321dwt4.jpg\" title=\"restoran-2\" alt=\"restoran-2\" loading=\"lazy\" \/>\t\t\t\t\t\t\t\t\t\t\t\t\t<\/div>\n\t\t\t\t<\/div>\n\t\t\t\t<\/div>\n\t\t\t\t\t<\/div>\n\t\t\t\t<\/div>\n\t\t<div class=\"elementor-element elementor-element-c30d743 e-flex e-con-boxed e-con e-parent\" data-id=\"c30d743\" data-element_type=\"container\">\n\t\t\t\t\t<div class=\"e-con-inner\">\n\t\t<div class=\"elementor-element elementor-element-10deab7 e-con-full e-flex e-con e-child\" data-id=\"10deab7\" data-element_type=\"container\">\n\t\t\t\t<div class=\"elementor-element elementor-element-c6354df elementor-widget elementor-widget-text-editor\" data-id=\"c6354df\" data-element_type=\"widget\" data-widget_type=\"text-editor.default\">\n\t\t\t\t<div class=\"elementor-widget-container\">\n\t\t\t\t\t\t\t<p>\u015eef, eme\u011fini iyi mahs\u00fcller \u00fcretmeye adayan \u00fcreticilerden dikkatle se\u00e7tiklerini Teruar isminin anlam\u0131n\u0131 yans\u0131tan ve kendi tatlar\u0131na sad\u0131k kalan tabaklara d\u00f6n\u00fc\u015ft\u00fcr\u00fcyor.<\/p>\t\t\t\t\t\t<\/div>\n\t\t\t\t<\/div>\n\t\t\t\t<\/div>\n\t\t<div class=\"elementor-element elementor-element-fe9ed54 e-con-full e-flex e-con e-child\" data-id=\"fe9ed54\" data-element_type=\"container\">\n\t\t\t\t<div class=\"elementor-element elementor-element-bddc6a0 elementor-widget elementor-widget-html\" data-id=\"bddc6a0\" data-element_type=\"widget\" data-widget_type=\"html.default\">\n\t\t\t\t<div class=\"elementor-widget-container\">\n\t\t\t<a href=\"https:\/\/www.instagram.com\/reel\/DUsfD96CCv2\/?igsh=MWZjYzQ2N2RkMmVhYQ==\" target=\"_blank\" class=\"video-container\" rel=\"noopener\">\r\n  <video autoplay muted loop playsinline>\r\n    <source  src=\"\/wp-content\/uploads\/2026\/02\/Teruar-Kis-Menusu.mp4\">\r\n  <\/video>\r\n<\/a>\t\t<\/div>\n\t\t\t\t<\/div>\n\t\t\t\t<\/div>\n\t\t\t\t\t<\/div>\n\t\t\t\t<\/div>\n\t\t<div class=\"elementor-element elementor-element-27b08d8 e-flex e-con-boxed e-con e-parent\" data-id=\"27b08d8\" data-element_type=\"container\">\n\t\t\t\t\t<div class=\"e-con-inner\">\n\t\t<div class=\"elementor-element elementor-element-fd812db e-con-full e-flex e-con e-child\" data-id=\"fd812db\" data-element_type=\"container\">\n\t\t\t\t<div class=\"elementor-element elementor-element-d8d0205 elementor-widget elementor-widget-html\" data-id=\"d8d0205\" data-element_type=\"widget\" data-widget_type=\"html.default\">\n\t\t\t\t<div class=\"elementor-widget-container\">\n\t\t\t<a href=\"https:\/\/www.instagram.com\/reel\/DPbPscRCIts\/?igsh=cDg0b2Q2ZHp1YjJj\" target=\"_blank\" class=\"video-container\" rel=\"noopener\">\r\n  <video autoplay muted loop playsinline>\r\n    <source  src=\"\/wp-content\/uploads\/2026\/02\/alchemist-final.mp4\">\r\n  <\/video>\r\n<\/a>\t\t<\/div>\n\t\t\t\t<\/div>\n\t\t\t\t<\/div>\n\t\t<div class=\"elementor-element elementor-element-f871b93 e-con-full e-flex e-con e-child\" data-id=\"f871b93\" data-element_type=\"container\">\n\t\t\t\t<div class=\"elementor-element elementor-element-da09760 elementor-widget elementor-widget-text-editor\" data-id=\"da09760\" data-element_type=\"widget\" data-widget_type=\"text-editor.default\">\n\t\t\t\t<div class=\"elementor-widget-container\">\n\t\t\t\t\t\t\t<p class=\"BodyA\"><span lang=\"DE\">Teruar\u2019\u0131 \u00e7evreleyen ba\u011flardan ve zeytinlerden gelen r\u00fczgar\u0131n e\u015fli\u011finde sunulan bu tabaklar, sezonlar\u0131 takip ederek de\u011fi\u015fiyor ve bu topra\u011fa sayg\u0131yla servis ediliyor. <\/span><\/p>\t\t\t\t\t\t<\/div>\n\t\t\t\t<\/div>\n\t\t\t\t<div class=\"elementor-element elementor-element-efdd4a3 elementor-widget elementor-widget-text-editor\" data-id=\"efdd4a3\" data-element_type=\"widget\" data-widget_type=\"text-editor.default\">\n\t\t\t\t<div class=\"elementor-widget-container\">\n\t\t\t\t\t\t\t<p class=\"BodyA\"><span lang=\"DE\">Buras\u0131, her deneyimleyen i\u00e7in \u00fczerinde bulundu\u011fumuz do\u011faya zaman ay\u0131rmay\u0131 talep eden bir restoran.<\/span><\/p>\t\t\t\t\t\t<\/div>\n\t\t\t\t<\/div>\n\t\t\t\t<\/div>\n\t\t\t\t\t<\/div>\n\t\t\t\t<\/div>\n\t\t<div class=\"elementor-element elementor-element-7b4126d e-flex e-con-boxed e-con e-parent\" data-id=\"7b4126d\" data-element_type=\"container\">\n\t\t\t\t\t<div class=\"e-con-inner\">\n\t\t<div class=\"elementor-element elementor-element-63af7b9 e-con-full e-flex e-con e-child\" data-id=\"63af7b9\" data-element_type=\"container\">\n\t\t\t\t<div class=\"elementor-element elementor-element-19ad0e0 elementor-widget elementor-widget-text-editor\" data-id=\"19ad0e0\" data-element_type=\"widget\" data-widget_type=\"text-editor.default\">\n\t\t\t\t<div class=\"elementor-widget-container\">\n\t\t\t\t\t\t\t<p>menu.<\/p>\t\t\t\t\t\t<\/div>\n\t\t\t\t<\/div>\n\t\t\t\t<div class=\"elementor-element elementor-element-19a4ed0 elementor-icon-list--layout-traditional elementor-list-item-link-full_width elementor-widget elementor-widget-icon-list\" data-id=\"19a4ed0\" data-element_type=\"widget\" data-widget_type=\"icon-list.default\">\n\t\t\t\t<div class=\"elementor-widget-container\">\n\t\t\t\t\t<ul class=\"elementor-icon-list-items\">\n\t\t\t\t\t\t\t<li class=\"elementor-icon-list-item\">\n\t\t\t\t\t\t\t\t\t\t\t<a href=\"https:\/\/www.teruarurla.com\/wp-content\/uploads\/2026\/01\/Kokler_ve_Katmanlar_Tadim.pdf\" target=\"_blank\">\n\n\t\t\t\t\t\t\t\t\t\t\t<span class=\"elementor-icon-list-text\">tad\u0131m ><\/span>\n\t\t\t\t\t\t\t\t\t\t\t<\/a>\n\t\t\t\t\t\t\t\t\t<\/li>\n\t\t\t\t\t\t\t\t<li class=\"elementor-icon-list-item\">\n\t\t\t\t\t\t\t\t\t\t\t<a href=\"https:\/\/www.teruarurla.com\/wp-content\/uploads\/2026\/01\/Kokler_ve_Katmanlar_Vejetaryen_Tadim.pdf\" target=\"_blank\">\n\n\t\t\t\t\t\t\t\t\t\t\t<span class=\"elementor-icon-list-text\">vejetaryen tad\u0131m ><\/span>\n\t\t\t\t\t\t\t\t\t\t\t<\/a>\n\t\t\t\t\t\t\t\t\t<\/li>\n\t\t\t\t\t\t\t\t<li class=\"elementor-icon-list-item\">\n\t\t\t\t\t\t\t\t\t\t\t<a href=\"https:\/\/www.teruarurla.com\/wp-content\/uploads\/2025\/12\/Kokler_ve_Katmanlar_Alacarte_TR.pdf\" target=\"_blank\">\n\n\t\t\t\t\t\t\t\t\t\t\t<span class=\"elementor-icon-list-text\">\u00e0 la carte ><\/span>\n\t\t\t\t\t\t\t\t\t\t\t<\/a>\n\t\t\t\t\t\t\t\t\t<\/li>\n\t\t\t\t\t\t<\/ul>\n\t\t\t\t<\/div>\n\t\t\t\t<\/div>\n\t\t\t\t<\/div>\n\t\t<div class=\"elementor-element elementor-element-25acfcb e-con-full e-flex e-con e-child\" data-id=\"25acfcb\" data-element_type=\"container\">\n\t\t\t\t<div class=\"elementor-element elementor-element-d6640b2 elementor-widget elementor-widget-html\" data-id=\"d6640b2\" data-element_type=\"widget\" data-widget_type=\"html.default\">\n\t\t\t\t<div class=\"elementor-widget-container\">\n\t\t\t<a href=\"https:\/\/www.instagram.com\/reel\/DFr2kbgg2gs\/?igsh=cXVzbDkwMzJ5ZHJk\" target=\"_blank\" class=\"video-container\" rel=\"noopener\">\r\n  <video autoplay muted loop playsinline>\r\n    <source  src=\"\/wp-content\/uploads\/2025\/08\/Teruar-Aksiyon-2025-Haziran-Cimcime-Version_1.mp4\">\r\n  <\/video>\r\n<\/a>\t\t<\/div>\n\t\t\t\t<\/div>\n\t\t\t\t<\/div>\n\t\t\t\t\t<\/div>\n\t\t\t\t<\/div>\n\t\t\t\t<section class=\"elementor-section elementor-top-section elementor-element elementor-element-13c6caa6 elementor-section-boxed elementor-section-height-default elementor-section-height-default\" data-id=\"13c6caa6\" data-element_type=\"section\">\n\t\t\t\t\t\t<div class=\"elementor-container elementor-column-gap-default\">\n\t\t\t\t\t<div class=\"elementor-column elementor-col-100 elementor-top-column elementor-element elementor-element-4840c422\" data-id=\"4840c422\" data-element_type=\"column\">\n\t\t\t<div class=\"elementor-widget-wrap elementor-element-populated\">\n\t\t\t\t\t\t<div class=\"elementor-element elementor-element-b8da8de elementor-align-center elementor-widget elementor-widget-elementskit-button\" data-id=\"b8da8de\" data-element_type=\"widget\" data-widget_type=\"elementskit-button.default\">\n\t\t\t\t<div class=\"elementor-widget-container\">\n\t\t\t<div class=\"ekit-wid-con\" >\t\t<div class=\"ekit-btn-wraper\">\n\t\t\t\t\t\t\t<a href=\"\/tr\/odalar\" class=\"elementskit-btn  whitespace--normal\" id=\"\">\n\t\t\t\t\todalar<i class=\"icon icon-right-arrow2\"><\/i>\t\t\t\t<\/a>\n\t\t\t\t\t<\/div>\n        <\/div>\t\t<\/div>\n\t\t\t\t<\/div>\n\t\t\t\t<div class=\"elementor-element elementor-element-ee96eda elementor-align-center elementor-widget elementor-widget-elementskit-button\" data-id=\"ee96eda\" data-element_type=\"widget\" data-widget_type=\"elementskit-button.default\">\n\t\t\t\t<div class=\"elementor-widget-container\">\n\t\t\t<div class=\"ekit-wid-con\" >\t\t<div class=\"ekit-btn-wraper\">\n\t\t\t\t\t\t\t<a href=\"\/tr\/laboratuvar\" class=\"elementskit-btn  whitespace--normal\" id=\"\">\n\t\t\t\t\t<i class=\"icon icon-left-arrow2\"><\/i>laboratuvar\t\t\t\t<\/a>\n\t\t\t\t\t<\/div>\n        <\/div>\t\t<\/div>\n\t\t\t\t<\/div>\n\t\t\t\t\t<\/div>\n\t\t<\/div>\n\t\t\t\t\t<\/div>\n\t\t<\/section>\n\t\t\t\t<\/div>\n\t\t","protected":false},"excerpt":{"rendered":"<p>Restoran d\u00f6n\u00fc\u015f\u00fcm noktas\u0131. Restoran, topra\u011f\u0131n ve suyun verdiklerini bir araya getirme alan\u0131. Teruar\u2019\u0131n kalbi olan bu alanda tek amac\u0131m\u0131z, bu co\u011frafyay\u0131 t\u00fcm d\u00fcr\u00fcstl\u00fc\u011f\u00fcyle sunabilmek. \u015eef, eme\u011fini iyi mahs\u00fcller \u00fcretmeye adayan \u00fcreticilerden dikkatle se\u00e7tiklerini Teruar isminin anlam\u0131n\u0131 yans\u0131tan ve kendi tatlar\u0131na sad\u0131k kalan tabaklara d\u00f6n\u00fc\u015ft\u00fcr\u00fcyor. Teruar\u2019\u0131 \u00e7evreleyen ba\u011flardan ve zeytinlerden gelen r\u00fczgar\u0131n e\u015fli\u011finde sunulan bu tabaklar, [&hellip;]<\/p>\n","protected":false},"author":1,"featured_media":0,"parent":0,"menu_order":0,"comment_status":"closed","ping_status":"closed","template":"","meta":{"inline_featured_image":false,"footnotes":""},"class_list":["post-76","page","type-page","status-publish","hentry"],"_links":{"self":[{"href":"https:\/\/www.teruarurla.com\/tr\/wp-json\/wp\/v2\/pages\/76"}],"collection":[{"href":"https:\/\/www.teruarurla.com\/tr\/wp-json\/wp\/v2\/pages"}],"about":[{"href":"https:\/\/www.teruarurla.com\/tr\/wp-json\/wp\/v2\/types\/page"}],"author":[{"embeddable":true,"href":"https:\/\/www.teruarurla.com\/tr\/wp-json\/wp\/v2\/users\/1"}],"replies":[{"embeddable":true,"href":"https:\/\/www.teruarurla.com\/tr\/wp-json\/wp\/v2\/comments?post=76"}],"version-history":[{"count":75,"href":"https:\/\/www.teruarurla.com\/tr\/wp-json\/wp\/v2\/pages\/76\/revisions"}],"predecessor-version":[{"id":6111,"href":"https:\/\/www.teruarurla.com\/tr\/wp-json\/wp\/v2\/pages\/76\/revisions\/6111"}],"wp:attachment":[{"href":"https:\/\/www.teruarurla.com\/tr\/wp-json\/wp\/v2\/media?parent=76"}],"curies":[{"name":"wp","href":"https:\/\/api.w.org\/{rel}","templated":true}]}}